{"id":14348,"date":"2023-11-17T10:44:34","date_gmt":"2023-11-17T10:44:34","guid":{"rendered":"https:\/\/www.lipo.clinic\/quest-ce-quun-lipoedeme\/"},"modified":"2025-04-02T11:14:12","modified_gmt":"2025-04-02T11:14:12","slug":"quest-ce-quun-lipoedeme","status":"publish","type":"page","link":"https:\/\/www.lipo.clinic\/fr\/quest-ce-quun-lipoedeme\/","title":{"rendered":"Qu&#8217;est-ce qu&#8217;un lip\u0153d\u00e8me?"},"content":{"rendered":"\t\t<div data-elementor-type=\"wp-page\" data-elementor-id=\"14348\" class=\"elementor elementor-14348 elementor-9026\" data-elementor-post-type=\"page\">\n\t\t\t\t<section class=\"elementor-element elementor-element-f3daee4 e-con-full e-flex e-con e-parent\" data-id=\"f3daee4\" data-element_type=\"container\" data-e-type=\"container\" data-settings=\"{&quot;background_background&quot;:&quot;classic&quot;}\">\n\t\t<div class=\"elementor-element elementor-element-ec3fb11 e-con-full e-flex e-con e-child\" data-id=\"ec3fb11\" data-element_type=\"container\" data-e-type=\"container\">\n\t\t\t\t<div class=\"elementor-element elementor-element-54e82c9 stickyhead elementor-widget elementor-widget-heading\" data-id=\"54e82c9\" data-element_type=\"widget\" data-e-type=\"widget\" data-widget_type=\"heading.default\">\n\t\t\t\t<div class=\"elementor-widget-container\">\n\t\t\t\t\t<h2 class=\"elementor-heading-title elementor-size-default\">Qu\u2019est-ce qu\u2019un lip\u0153d\u00e8me ?<\/h2>\t\t\t\t<\/div>\n\t\t\t\t<\/div>\n\t\t\t\t<\/div>\n\t\t<div class=\"elementor-element elementor-element-172c775 e-con-full e-flex e-con e-child\" data-id=\"172c775\" data-element_type=\"container\" data-e-type=\"container\">\n\t\t\t\t<div class=\"elementor-element elementor-element-b18bb5e elementor-widget elementor-widget-text-editor\" data-id=\"b18bb5e\" data-element_type=\"widget\" data-e-type=\"widget\" data-widget_type=\"text-editor.default\">\n\t\t\t\t<div class=\"elementor-widget-container\">\n\t\t\t\t\t\t\t\t\t<p class=\"p1\"><strong>Le lip\u0153d\u00e8me se manifeste par une accumulation et un accroissement incontr\u00f4l\u00e9s des cellules adipeuses dans les bras, le fessier et les jambes, une condition chronique, souvent h\u00e9rit\u00e9e et probablement d\u00e9clench\u00e9e par les hormones f\u00e9minines.<\/strong><\/p>\n<p class=\"p1\">Le lip\u0153d\u00e8me est un trouble pathologique de la r\u00e9partition des cellules adipeuses provoquant des douleurs et des sensations de tension. Il touche principalement les femmes. On diff\u00e9rencie trois stades et quatre types du lip\u0153d\u00e8me.<\/p>\n<p class=\"p1\"><b>Causes du lip\u0153d\u00e8me<\/b><\/p>\n<p class=\"p1\">Les sp\u00e9cialistes pr\u00e9sument actuellement que l\u2019une des causes principales d\u2019un lip\u0153d\u00e8me est un changement hormonal : les \u0153strog\u00e8nes, des hormones f\u00e9minines, provoquent une accumulation et un accroissement des cellules adipeuses.<\/p>\n<p class=\"p1\">Le lip\u0153d\u00e8me n\u2019est jusqu\u2019\u00e0 pr\u00e9sent <a href=\"https:\/\/www.lipo.clinic\/fr\/notre-approche\/#wissenschaft\">scientifiquement reconnu<\/a> que lorsque le ph\u00e9nom\u00e8ne se manifeste dans les jambes ou les bras. Ce sont les jambes qui sont le plus souvent touch\u00e9es, ceci dans 97 % des cas, en particulier les cuisses. Le lip\u0153d\u00e8me peut cependant aussi se pr\u00e9senter dans le fessier et au niveau des hanches.<\/p>\n<p class=\"p1\">Dans 31 % des cas, les signes typiques du lip\u0153d\u00e8me se manifestent aussi dans les bras des patientes. Les grossissements des bras sont au d\u00e9but souvent sans sympt\u00f4mes et ne n\u00e9cessitent ainsi pas de traitement. Il n\u2019est pas possible de pr\u00e9dire si et quand des sympt\u00f4mes se d\u00e9velopperont dans les bras au cours de l\u2019\u00e9volution du lip\u0153d\u00e8me.<\/p>\n\t\t\t\t\t\t\t\t<\/div>\n\t\t\t\t<\/div>\n\t\t\t\t<\/div>\n\t\t\t\t<\/section>\n\t\t\t\t<\/div>\n\t\t","protected":false},"excerpt":{"rendered":"<p>Qu\u2019est-ce qu\u2019un lip\u0153d\u00e8me ? Le lip\u0153d\u00e8me se manifeste par une accumulation et un accroissement incontr\u00f4l\u00e9s des cellules adipeuses dans les bras, le fessier et les jambes, une condition chronique, souvent h\u00e9rit\u00e9e et probablement d\u00e9clench\u00e9e par les hormones f\u00e9minines. Le lip\u0153d\u00e8me est un trouble pathologique de la r\u00e9partition des cellules adipeuses provoquant des douleurs et des [&hellip;]<\/p>\n","protected":false},"author":6,"featured_media":9626,"parent":0,"menu_order":0,"comment_status":"closed","ping_status":"closed","template":"","meta":{"_acf_changed":false,"inline_featured_image":false,"footnotes":""},"class_list":["post-14348","page","type-page","status-publish","has-post-thumbnail","hentry"],"acf":[],"_links":{"self":[{"href":"https:\/\/www.lipo.clinic\/fr\/wp-json\/wp\/v2\/pages\/14348","targetHints":{"allow":["GET"]}}],"collection":[{"href":"https:\/\/www.lipo.clinic\/fr\/wp-json\/wp\/v2\/pages"}],"about":[{"href":"https:\/\/www.lipo.clinic\/fr\/wp-json\/wp\/v2\/types\/page"}],"author":[{"embeddable":true,"href":"https:\/\/www.lipo.clinic\/fr\/wp-json\/wp\/v2\/users\/6"}],"replies":[{"embeddable":true,"href":"https:\/\/www.lipo.clinic\/fr\/wp-json\/wp\/v2\/comments?post=14348"}],"version-history":[{"count":1,"href":"https:\/\/www.lipo.clinic\/fr\/wp-json\/wp\/v2\/pages\/14348\/revisions"}],"predecessor-version":[{"id":14349,"href":"https:\/\/www.lipo.clinic\/fr\/wp-json\/wp\/v2\/pages\/14348\/revisions\/14349"}],"wp:featuredmedia":[{"embeddable":true,"href":"https:\/\/www.lipo.clinic\/fr\/wp-json\/wp\/v2\/media\/9626"}],"wp:attachment":[{"href":"https:\/\/www.lipo.clinic\/fr\/wp-json\/wp\/v2\/media?parent=14348"}],"curies":[{"name":"wp","href":"https:\/\/api.w.org\/{rel}","templated":true}]}}