{"id":14352,"date":"2023-11-17T10:46:12","date_gmt":"2023-11-17T10:46:12","guid":{"rendered":"https:\/\/www.lipo.clinic\/therapie-du-lipoedeme\/"},"modified":"2025-04-02T11:15:21","modified_gmt":"2025-04-02T11:15:21","slug":"therapie-du-lipoedeme","status":"publish","type":"page","link":"https:\/\/www.lipo.clinic\/fr\/therapie-du-lipoedeme\/","title":{"rendered":"Th\u00e9rapie du lip\u0153d\u00e8me"},"content":{"rendered":"\t\t<div data-elementor-type=\"wp-page\" data-elementor-id=\"14352\" class=\"elementor elementor-14352 elementor-9031\" data-elementor-post-type=\"page\">\n\t\t\t\t<section class=\"elementor-element elementor-element-556d132 e-con-full e-flex e-con e-parent\" data-id=\"556d132\" data-element_type=\"container\" data-e-type=\"container\">\n\t\t<div class=\"elementor-element elementor-element-6d56748 e-con-full e-flex e-con e-child\" data-id=\"6d56748\" data-element_type=\"container\" data-e-type=\"container\">\n\t\t\t\t<div class=\"elementor-element elementor-element-8eb7cf6 stickyhead elementor-widget elementor-widget-heading\" data-id=\"8eb7cf6\" data-element_type=\"widget\" data-e-type=\"widget\" data-widget_type=\"heading.default\">\n\t\t\t\t<div class=\"elementor-widget-container\">\n\t\t\t\t\t<h2 class=\"elementor-heading-title elementor-size-default\">Th\u00e9rapie \/<br>Traitement<\/h2>\t\t\t\t<\/div>\n\t\t\t\t<\/div>\n\t\t\t\t<\/div>\n\t\t<div class=\"elementor-element elementor-element-4ea78b5 e-con-full e-flex e-con e-child\" data-id=\"4ea78b5\" data-element_type=\"container\" data-e-type=\"container\">\n\t\t\t\t<div class=\"elementor-element elementor-element-37cbabe elementor-widget elementor-widget-text-editor\" data-id=\"37cbabe\" data-element_type=\"widget\" data-e-type=\"widget\" data-widget_type=\"text-editor.default\">\n\t\t\t\t<div class=\"elementor-widget-container\">\n\t\t\t\t\t\t\t\t\t<p class=\"p1\"><strong>La liposuccion dans le cadre d\u2019une op\u00e9ration du lip\u0153d\u00e8me est le seul traitement ayant un effet durable sur le lip\u0153d\u00e8me.<\/strong><\/p>\n<p class=\"p1\">Si r\u00e9alis\u00e9e de fa\u00e7on cons\u00e9quente et comp\u00e9tente, une op\u00e9ration du lip\u0153d\u00e8me apporte d\u2019excellents r\u00e9sultats pour un tr\u00e8s faible taux de complications. Pionni\u00e8re dans le traitement chirurgical du lip\u0153d\u00e8me, la <a href=\"https:\/\/www.lipo.clinic\/fr\/nos-cliniques\/\">LipoClinic<\/a> Dr. Heck est leader mondial, avec plus de 2 500 op\u00e9rations r\u00e9ussies chaque ann\u00e9e.<\/p>\n<p class=\"p1\">Pour assurer une d\u00e9congestion du tissu et une pr\u00e9paration optimale \u00e0 la liposuccion dans le cadre d\u2019une op\u00e9ration du lip\u0153d\u00e8me, il est extr\u00eamement important que les patientes portent en permanence un collant de compression rectiligne \u00e0 maille plate pendant six \u00e0 huit semaines avant l\u2019op\u00e9ration. Si le tissu est fortement congestionn\u00e9, il est recommand\u00e9 d\u2019effectuer un drainage lymphatique manuel (DLM) cibl\u00e9 avant l\u2019op\u00e9ration. Le DLM est \u00e9galement important en tant que <a href=\"https:\/\/www.lipo.clinic\/fr\/notre-approche\/#behandlung\">traitement cons\u00e9cutif<\/a>, afin de contrer les gonflements se pr\u00e9sentant g\u00e9n\u00e9ralement apr\u00e8s une op\u00e9ration. Le port d\u2019un collant de compression rectiligne \u00e0 maille plate en permanence apr\u00e8s une liposuccion est \u00e9galement indispensable. Il assiste la d\u00e9congestion, permet de r\u00e9agglom\u00e9rer les couches de tissus rel\u00e2ch\u00e9es et assure, gr\u00e2ce \u00e0 la compression exerc\u00e9e, une meilleure mise en forme.<\/p>\n\t\t\t\t\t\t\t\t<\/div>\n\t\t\t\t<\/div>\n\t\t\t\t<\/div>\n\t\t\t\t<\/section>\n\t\t\t\t<\/div>\n\t\t","protected":false},"excerpt":{"rendered":"<p>Th\u00e9rapie \/Traitement La liposuccion dans le cadre d\u2019une op\u00e9ration du lip\u0153d\u00e8me est le seul traitement ayant un effet durable sur le lip\u0153d\u00e8me. Si r\u00e9alis\u00e9e de fa\u00e7on cons\u00e9quente et comp\u00e9tente, une op\u00e9ration du lip\u0153d\u00e8me apporte d\u2019excellents r\u00e9sultats pour un tr\u00e8s faible taux de complications. Pionni\u00e8re dans le traitement chirurgical du lip\u0153d\u00e8me, la LipoClinic Dr. Heck est [&hellip;]<\/p>\n","protected":false},"author":6,"featured_media":4469,"parent":0,"menu_order":0,"comment_status":"closed","ping_status":"closed","template":"","meta":{"_acf_changed":false,"inline_featured_image":false,"footnotes":""},"class_list":["post-14352","page","type-page","status-publish","has-post-thumbnail","hentry"],"acf":[],"_links":{"self":[{"href":"https:\/\/www.lipo.clinic\/fr\/wp-json\/wp\/v2\/pages\/14352","targetHints":{"allow":["GET"]}}],"collection":[{"href":"https:\/\/www.lipo.clinic\/fr\/wp-json\/wp\/v2\/pages"}],"about":[{"href":"https:\/\/www.lipo.clinic\/fr\/wp-json\/wp\/v2\/types\/page"}],"author":[{"embeddable":true,"href":"https:\/\/www.lipo.clinic\/fr\/wp-json\/wp\/v2\/users\/6"}],"replies":[{"embeddable":true,"href":"https:\/\/www.lipo.clinic\/fr\/wp-json\/wp\/v2\/comments?post=14352"}],"version-history":[{"count":1,"href":"https:\/\/www.lipo.clinic\/fr\/wp-json\/wp\/v2\/pages\/14352\/revisions"}],"predecessor-version":[{"id":14353,"href":"https:\/\/www.lipo.clinic\/fr\/wp-json\/wp\/v2\/pages\/14352\/revisions\/14353"}],"wp:featuredmedia":[{"embeddable":true,"href":"https:\/\/www.lipo.clinic\/fr\/wp-json\/wp\/v2\/media\/4469"}],"wp:attachment":[{"href":"https:\/\/www.lipo.clinic\/fr\/wp-json\/wp\/v2\/media?parent=14352"}],"curies":[{"name":"wp","href":"https:\/\/api.w.org\/{rel}","templated":true}]}}