{"id":14360,"date":"2023-11-17T11:50:12","date_gmt":"2023-11-17T11:50:12","guid":{"rendered":"https:\/\/www.lipo.clinic\/letat-de-la-science\/"},"modified":"2025-04-02T11:17:21","modified_gmt":"2025-04-02T11:17:21","slug":"letat-de-la-science","status":"publish","type":"page","link":"https:\/\/www.lipo.clinic\/fr\/letat-de-la-science\/","title":{"rendered":"L\u2019\u00e9tat de la science"},"content":{"rendered":"\t\t<div data-elementor-type=\"wp-page\" data-elementor-id=\"14360\" class=\"elementor elementor-14360 elementor-9051\" data-elementor-post-type=\"page\">\n\t\t\t\t<section class=\"elementor-element elementor-element-339d5fd e-con-full e-flex e-con e-parent\" data-id=\"339d5fd\" data-element_type=\"container\" data-e-type=\"container\">\n\t\t<div class=\"elementor-element elementor-element-42ebec3 e-con-full e-flex e-con e-child\" data-id=\"42ebec3\" data-element_type=\"container\" data-e-type=\"container\">\n\t\t\t\t<div class=\"elementor-element elementor-element-1007b2c stickyhead elementor-widget elementor-widget-heading\" data-id=\"1007b2c\" data-element_type=\"widget\" data-e-type=\"widget\" data-widget_type=\"heading.default\">\n\t\t\t\t<div class=\"elementor-widget-container\">\n\t\t\t\t\t<h2 class=\"elementor-heading-title elementor-size-default\">L\u2019\u00e9tat de la science<\/h2>\t\t\t\t<\/div>\n\t\t\t\t<\/div>\n\t\t\t\t<\/div>\n\t\t<div class=\"elementor-element elementor-element-5939761 e-con-full e-flex e-con e-child\" data-id=\"5939761\" data-element_type=\"container\" data-e-type=\"container\">\n\t\t\t\t<div class=\"elementor-element elementor-element-825aa19 elementor-widget elementor-widget-text-editor\" data-id=\"825aa19\" data-element_type=\"widget\" data-e-type=\"widget\" data-widget_type=\"text-editor.default\">\n\t\t\t\t<div class=\"elementor-widget-container\">\n\t\t\t\t\t\t\t\t\t<p class=\"p1\"><span style=\"background-color: #ffffff;\">La LipoClinic s\u2019engage pour une recherche intensive dans la maladie du lip\u0153d\u00e8me. Il est particuli\u00e8rement important pour nous que l&#8217;environnement et les conditions psychologiques soient \u00e9galement pris en compte dans la th\u00e9rapie.<\/span><\/p>\n\t\t\t\t\t\t\t\t<\/div>\n\t\t\t\t<\/div>\n\t\t\t\t<\/div>\n\t\t\t\t<\/section>\n\t\t<section class=\"elementor-element elementor-element-cb647d5 e-con-full e-flex e-con e-parent\" data-id=\"cb647d5\" data-element_type=\"container\" data-e-type=\"container\">\n\t\t<div class=\"elementor-element elementor-element-e0f7159 e-con-full cardholder e-flex e-con e-child\" data-id=\"e0f7159\" data-element_type=\"container\" data-e-type=\"container\">\n\t\t<div class=\"elementor-element elementor-element-3c95022 e-flex e-con-boxed e-con e-child\" data-id=\"3c95022\" data-element_type=\"container\" data-e-type=\"container\">\n\t\t\t\t\t<div class=\"e-con-inner\">\n\t\t<article class=\"elementor-element elementor-element-cfb9d02 cardstyle e-con-full e-flex e-con e-child\" data-id=\"cfb9d02\" data-element_type=\"container\" data-e-type=\"container\">\n\t\t<div class=\"elementor-element elementor-element-ff4c6c1 e-con-full e-flex e-con e-child\" data-id=\"ff4c6c1\" data-element_type=\"container\" data-e-type=\"container\">\n\t\t\t\t<div class=\"elementor-element elementor-element-8dadd97 cardimage elementor-widget elementor-widget-image\" data-id=\"8dadd97\" data-element_type=\"widget\" data-e-type=\"widget\" data-widget_type=\"image.default\">\n\t\t\t\t<div class=\"elementor-widget-container\">\n\t\t\t\t\t\t\t\t\t\t\t\t\t\t\t<img fetchpriority=\"high\" decoding=\"async\" width=\"800\" height=\"534\" src=\"https:\/\/www.lipo.clinic\/wp-content\/uploads\/2023\/04\/WHO_und_Lipoedem_Erkrankung-1024x683.jpeg\" class=\"attachment-large size-large wp-image-4550\" alt=\"\" srcset=\"https:\/\/www.lipo.clinic\/wp-content\/uploads\/2023\/04\/WHO_und_Lipoedem_Erkrankung-1024x683.jpeg 1024w, https:\/\/www.lipo.clinic\/wp-content\/uploads\/2023\/04\/WHO_und_Lipoedem_Erkrankung-300x200.jpeg 300w, https:\/\/www.lipo.clinic\/wp-content\/uploads\/2023\/04\/WHO_und_Lipoedem_Erkrankung-768x512.jpeg 768w, https:\/\/www.lipo.clinic\/wp-content\/uploads\/2023\/04\/WHO_und_Lipoedem_Erkrankung-1536x1024.jpeg 1536w, https:\/\/www.lipo.clinic\/wp-content\/uploads\/2023\/04\/WHO_und_Lipoedem_Erkrankung-2048x1365.jpeg 2048w\" sizes=\"(max-width: 800px) 100vw, 800px\" \/>\t\t\t\t\t\t\t\t\t\t\t\t\t\t\t<\/div>\n\t\t\t\t<\/div>\n\t\t\t\t<div class=\"elementor-element elementor-element-9c2481d elementor-widget elementor-widget-heading\" data-id=\"9c2481d\" data-element_type=\"widget\" data-e-type=\"widget\" data-widget_type=\"heading.default\">\n\t\t\t\t<div class=\"elementor-widget-container\">\n\t\t\t\t\t<div class=\"elementor-heading-title elementor-size-default\"><strong>L'OMS et le lipoed\u00e8me<\/strong><\/div>\t\t\t\t<\/div>\n\t\t\t\t<\/div>\n\t\t\t\t<div class=\"elementor-element elementor-element-cb28e1b elementor-widget elementor-widget-text-editor\" data-id=\"cb28e1b\" data-element_type=\"widget\" data-e-type=\"widget\" data-widget_type=\"text-editor.default\">\n\t\t\t\t<div class=\"elementor-widget-container\">\n\t\t\t\t\t\t\t\t\t<p class=\"p1\">L\u2019Organisation Mondiale de la Sant\u00e9 (OMS) a reconnu le lip\u0153d\u00e8me comme maladie et l\u2019a enregistr\u00e9 dans sa classification internationale des maladies (CIM). Elle est r\u00e9pertori\u00e9e dans l\u2019index syst\u00e9matique CIM-10 sous les codes E88.20 (\u00ab Lip\u0153d\u00e8me stade I \u00bb) \u00e0 E88.28 (\u00ab Autre lip\u0153d\u00e8me ou lip\u0153d\u00e8me non pr\u00e9cis\u00e9 \u00bb).<\/p>\n\t\t\t\t\t\t\t\t<\/div>\n\t\t\t\t<\/div>\n\t\t\t\t<div class=\"elementor-element elementor-element-28599cf cardbtn elementor-widget elementor-widget-button\" data-id=\"28599cf\" data-element_type=\"widget\" data-e-type=\"widget\" data-settings=\"{&quot;motion_fx_motion_fx_scrolling&quot;:&quot;yes&quot;,&quot;motion_fx_devices&quot;:[&quot;desktop&quot;,&quot;laptop&quot;,&quot;tablet&quot;,&quot;mobile&quot;]}\" data-widget_type=\"button.default\">\n\t\t\t\t<div class=\"elementor-widget-container\">\n\t\t\t\t\t\t\t\t\t<div class=\"elementor-button-wrapper\">\n\t\t\t\t\t<a class=\"elementor-button elementor-button-link elementor-size-md\" href=\"https:\/\/www.dimdi.de\/static\/de\/klassifikationen\/icd\/icd-10-gm\/kode-suche\/htmlgm2017\/zusatz-04-kommentar.htm\" target=\"_blank\" rel=\"nofollow noopener\">\n\t\t\t\t\t\t<span class=\"elementor-button-content-wrapper\">\n\t\t\t\t\t\t\t\t\t<span class=\"elementor-button-text\">Lire la suite<\/span>\n\t\t\t\t\t<\/span>\n\t\t\t\t\t<\/a>\n\t\t\t\t<\/div>\n\t\t\t\t\t\t\t\t<\/div>\n\t\t\t\t<\/div>\n\t\t\t\t<\/div>\n\t\t\t\t<\/article>\n\t\t\t\t\t<\/div>\n\t\t\t\t<\/div>\n\t\t<div class=\"elementor-element elementor-element-1697e7e e-flex e-con-boxed e-con e-child\" data-id=\"1697e7e\" data-element_type=\"container\" data-e-type=\"container\">\n\t\t\t\t\t<div class=\"e-con-inner\">\n\t\t<article class=\"elementor-element elementor-element-9da1394 cardstyle e-con-full e-flex e-con e-child\" data-id=\"9da1394\" data-element_type=\"container\" data-e-type=\"container\">\n\t\t<div class=\"elementor-element elementor-element-a0d84e5 e-con-full e-flex e-con e-child\" data-id=\"a0d84e5\" data-element_type=\"container\" data-e-type=\"container\">\n\t\t\t\t<div class=\"elementor-element elementor-element-911e495 cardimage elementor-widget elementor-widget-image\" data-id=\"911e495\" data-element_type=\"widget\" data-e-type=\"widget\" data-widget_type=\"image.default\">\n\t\t\t\t<div class=\"elementor-widget-container\">\n\t\t\t\t\t\t\t\t\t\t\t\t\t\t\t<img decoding=\"async\" width=\"800\" height=\"534\" src=\"https:\/\/www.lipo.clinic\/wp-content\/uploads\/2023\/04\/Standards_in_der_Lipoedem_Chirurgie-1024x683.jpg\" class=\"attachment-large size-large wp-image-4555\" alt=\"\" srcset=\"https:\/\/www.lipo.clinic\/wp-content\/uploads\/2023\/04\/Standards_in_der_Lipoedem_Chirurgie-1024x683.jpg 1024w, https:\/\/www.lipo.clinic\/wp-content\/uploads\/2023\/04\/Standards_in_der_Lipoedem_Chirurgie-300x200.jpg 300w, https:\/\/www.lipo.clinic\/wp-content\/uploads\/2023\/04\/Standards_in_der_Lipoedem_Chirurgie-768x512.jpg 768w, https:\/\/www.lipo.clinic\/wp-content\/uploads\/2023\/04\/Standards_in_der_Lipoedem_Chirurgie-1536x1025.jpg 1536w, https:\/\/www.lipo.clinic\/wp-content\/uploads\/2023\/04\/Standards_in_der_Lipoedem_Chirurgie.jpg 2000w\" sizes=\"(max-width: 800px) 100vw, 800px\" \/>\t\t\t\t\t\t\t\t\t\t\t\t\t\t\t<\/div>\n\t\t\t\t<\/div>\n\t\t\t\t<div class=\"elementor-element elementor-element-86c6d16 elementor-widget elementor-widget-heading\" data-id=\"86c6d16\" data-element_type=\"widget\" data-e-type=\"widget\" data-widget_type=\"heading.default\">\n\t\t\t\t<div class=\"elementor-widget-container\">\n\t\t\t\t\t<div class=\"elementor-heading-title elementor-size-default\"><strong>Les standards de la chirurgie du lip\u0153d\u00e8me<\/strong><\/div>\t\t\t\t<\/div>\n\t\t\t\t<\/div>\n\t\t\t\t<div class=\"elementor-element elementor-element-a7db196 elementor-widget elementor-widget-text-editor\" data-id=\"a7db196\" data-element_type=\"widget\" data-e-type=\"widget\" data-widget_type=\"text-editor.default\">\n\t\t\t\t<div class=\"elementor-widget-container\">\n\t\t\t\t\t\t\t\t\t<p>Informez-vous sur les standards de traitement d\u00e9velopp\u00e9s par Dr. Heck, sa technique op\u00e9ratoire et le d\u00e9veloppement d\u2019un protocole th\u00e9rapeutique, appel\u00e9 \u00ab protocole de Heck \u00bb. Vous trouverez ici une version abr\u00e9g\u00e9e du protocole, ainsi qu\u2019un bref r\u00e9sum\u00e9 de nos standards op\u00e9ratoires.<\/p>\n\t\t\t\t\t\t\t\t<\/div>\n\t\t\t\t<\/div>\n\t\t\t\t<div class=\"elementor-element elementor-element-dea595f cardbtn elementor-widget elementor-widget-button\" data-id=\"dea595f\" data-element_type=\"widget\" data-e-type=\"widget\" data-settings=\"{&quot;motion_fx_motion_fx_scrolling&quot;:&quot;yes&quot;,&quot;motion_fx_devices&quot;:[&quot;desktop&quot;,&quot;laptop&quot;,&quot;tablet&quot;,&quot;mobile&quot;]}\" data-widget_type=\"button.default\">\n\t\t\t\t<div class=\"elementor-widget-container\">\n\t\t\t\t\t\t\t\t\t<div class=\"elementor-button-wrapper\">\n\t\t\t\t\t<a class=\"elementor-button elementor-button-link elementor-size-md\" href=\"https:\/\/www.lipo.clinic\/wp-content\/uploads\/2023\/03\/Standards_in_der_Lipoedem-Chirurgie.pdf\" target=\"_blank\">\n\t\t\t\t\t\t<span class=\"elementor-button-content-wrapper\">\n\t\t\t\t\t\t\t\t\t<span class=\"elementor-button-text\">Lire la suite<\/span>\n\t\t\t\t\t<\/span>\n\t\t\t\t\t<\/a>\n\t\t\t\t<\/div>\n\t\t\t\t\t\t\t\t<\/div>\n\t\t\t\t<\/div>\n\t\t\t\t<\/div>\n\t\t\t\t<\/article>\n\t\t\t\t\t<\/div>\n\t\t\t\t<\/div>\n\t\t\t\t<\/div>\n\t\t<div class=\"elementor-element elementor-element-3b38c08 e-con-full cardholder e-flex e-con e-child\" data-id=\"3b38c08\" data-element_type=\"container\" data-e-type=\"container\">\n\t\t<div class=\"elementor-element elementor-element-a684ac8 e-flex e-con-boxed e-con e-child\" data-id=\"a684ac8\" data-element_type=\"container\" data-e-type=\"container\">\n\t\t\t\t\t<div class=\"e-con-inner\">\n\t\t<article class=\"elementor-element elementor-element-59e0718 cardstyle e-con-full e-flex e-con e-child\" data-id=\"59e0718\" data-element_type=\"container\" data-e-type=\"container\">\n\t\t<div class=\"elementor-element elementor-element-c6f39e7 e-con-full e-flex e-con e-child\" data-id=\"c6f39e7\" data-element_type=\"container\" data-e-type=\"container\">\n\t\t\t\t<div class=\"elementor-element elementor-element-f482acd cardimage elementor-widget elementor-widget-image\" data-id=\"f482acd\" data-element_type=\"widget\" data-e-type=\"widget\" data-widget_type=\"image.default\">\n\t\t\t\t<div class=\"elementor-widget-container\">\n\t\t\t\t\t\t\t\t\t\t\t\t\t\t\t<img decoding=\"async\" width=\"800\" height=\"587\" src=\"https:\/\/www.lipo.clinic\/wp-content\/uploads\/2023\/11\/Circulatory-reaction-after-water-jet-assisted-liposuction-WAL-1-1024x751.png\" class=\"attachment-large size-large wp-image-8962\" alt=\"\" srcset=\"https:\/\/www.lipo.clinic\/wp-content\/uploads\/2023\/11\/Circulatory-reaction-after-water-jet-assisted-liposuction-WAL-1-1024x751.png 1024w, https:\/\/www.lipo.clinic\/wp-content\/uploads\/2023\/11\/Circulatory-reaction-after-water-jet-assisted-liposuction-WAL-1-300x220.png 300w, https:\/\/www.lipo.clinic\/wp-content\/uploads\/2023\/11\/Circulatory-reaction-after-water-jet-assisted-liposuction-WAL-1-768x563.png 768w, https:\/\/www.lipo.clinic\/wp-content\/uploads\/2023\/11\/Circulatory-reaction-after-water-jet-assisted-liposuction-WAL-1.png 1230w\" sizes=\"(max-width: 800px) 100vw, 800px\" \/>\t\t\t\t\t\t\t\t\t\t\t\t\t\t\t<\/div>\n\t\t\t\t<\/div>\n\t\t\t\t<div class=\"elementor-element elementor-element-3e56a61 elementor-widget elementor-widget-heading\" data-id=\"3e56a61\" data-element_type=\"widget\" data-e-type=\"widget\" data-widget_type=\"heading.default\">\n\t\t\t\t<div class=\"elementor-widget-container\">\n\t\t\t\t\t<div class=\"elementor-heading-title elementor-size-default\"><strong>R\u00e9action circulatoire apr\u00e8s liposuccion assist\u00e9e par hydrojet (WAL) en cas de lip\u0153d\u00e8me - \u00e9valuation de 1 000 op\u00e9rations <\/strong><\/div>\t\t\t\t<\/div>\n\t\t\t\t<\/div>\n\t\t\t\t<div class=\"elementor-element elementor-element-b14fd0f elementor-widget elementor-widget-text-editor\" data-id=\"b14fd0f\" data-element_type=\"widget\" data-e-type=\"widget\" data-widget_type=\"text-editor.default\">\n\t\t\t\t<div class=\"elementor-widget-container\">\n\t\t\t\t\t\t\t\t\t<p class=\"p1\">L&#8217;\u00e9tude a examin\u00e9 entre 2012 et 2018 1 000 r\u00e9actions circulatoires apr\u00e8s une liposuccion assist\u00e9e par hydrojet au niveau des bras et des jambes, de stade 1 \u00e0 3, avec un suivi postop\u00e9ratoire complet et un intervalle minimum de 8 semaines entre les op\u00e9rations.<\/p>\n\t\t\t\t\t\t\t\t<\/div>\n\t\t\t\t<\/div>\n\t\t\t\t<div class=\"elementor-element elementor-element-a3d22a5 cardbtn elementor-widget elementor-widget-button\" data-id=\"a3d22a5\" data-element_type=\"widget\" data-e-type=\"widget\" data-settings=\"{&quot;motion_fx_motion_fx_scrolling&quot;:&quot;yes&quot;,&quot;motion_fx_devices&quot;:[&quot;desktop&quot;,&quot;laptop&quot;,&quot;tablet&quot;,&quot;mobile&quot;]}\" data-widget_type=\"button.default\">\n\t\t\t\t<div class=\"elementor-widget-container\">\n\t\t\t\t\t\t\t\t\t<div class=\"elementor-button-wrapper\">\n\t\t\t\t\t<a class=\"elementor-button elementor-button-link elementor-size-md\" href=\"https:\/\/www.lipo.clinic\/wp-content\/uploads\/2023\/11\/Witte-Circulatory-reactions-LSR2022.pdf\" target=\"_blank\" rel=\"nofollow\">\n\t\t\t\t\t\t<span class=\"elementor-button-content-wrapper\">\n\t\t\t\t\t\t\t\t\t<span class=\"elementor-button-text\">Lire la suite<\/span>\n\t\t\t\t\t<\/span>\n\t\t\t\t\t<\/a>\n\t\t\t\t<\/div>\n\t\t\t\t\t\t\t\t<\/div>\n\t\t\t\t<\/div>\n\t\t\t\t<\/div>\n\t\t\t\t<\/article>\n\t\t\t\t\t<\/div>\n\t\t\t\t<\/div>\n\t\t<div class=\"elementor-element elementor-element-6338e0e e-flex e-con-boxed e-con e-child\" data-id=\"6338e0e\" data-element_type=\"container\" data-e-type=\"container\">\n\t\t\t\t\t<div class=\"e-con-inner\">\n\t\t<article class=\"elementor-element elementor-element-53744b2 cardstyle e-con-full e-flex e-con e-child\" data-id=\"53744b2\" data-element_type=\"container\" data-e-type=\"container\">\n\t\t<div class=\"elementor-element elementor-element-cae935f e-con-full e-flex e-con e-child\" data-id=\"cae935f\" data-element_type=\"container\" data-e-type=\"container\">\n\t\t\t\t<div class=\"elementor-element elementor-element-e2b0b8f cardimage elementor-widget elementor-widget-image\" data-id=\"e2b0b8f\" data-element_type=\"widget\" data-e-type=\"widget\" data-widget_type=\"image.default\">\n\t\t\t\t<div class=\"elementor-widget-container\">\n\t\t\t\t\t\t\t\t\t\t\t\t\t\t\t<img loading=\"lazy\" decoding=\"async\" width=\"800\" height=\"532\" src=\"https:\/\/www.lipo.clinic\/wp-content\/uploads\/2023\/04\/Wasserstrahl_assistierte-Liposuktion-1024x681.jpg\" class=\"attachment-large size-large wp-image-4557\" alt=\"\" srcset=\"https:\/\/www.lipo.clinic\/wp-content\/uploads\/2023\/04\/Wasserstrahl_assistierte-Liposuktion-1024x681.jpg 1024w, https:\/\/www.lipo.clinic\/wp-content\/uploads\/2023\/04\/Wasserstrahl_assistierte-Liposuktion-300x200.jpg 300w, https:\/\/www.lipo.clinic\/wp-content\/uploads\/2023\/04\/Wasserstrahl_assistierte-Liposuktion-768x511.jpg 768w, https:\/\/www.lipo.clinic\/wp-content\/uploads\/2023\/04\/Wasserstrahl_assistierte-Liposuktion-1536x1022.jpg 1536w, https:\/\/www.lipo.clinic\/wp-content\/uploads\/2023\/04\/Wasserstrahl_assistierte-Liposuktion.jpg 2000w\" sizes=\"(max-width: 800px) 100vw, 800px\" \/>\t\t\t\t\t\t\t\t\t\t\t\t\t\t\t<\/div>\n\t\t\t\t<\/div>\n\t\t\t\t<div class=\"elementor-element elementor-element-af48870 elementor-widget elementor-widget-heading\" data-id=\"af48870\" data-element_type=\"widget\" data-e-type=\"widget\" data-widget_type=\"heading.default\">\n\t\t\t\t<div class=\"elementor-widget-container\">\n\t\t\t\t\t<span class=\"elementor-heading-title elementor-size-default\"><strong>La liposuccion assist\u00e9e par hydrojet en traitement du lip\u0153d\u00e8me<\/strong><\/span>\t\t\t\t<\/div>\n\t\t\t\t<\/div>\n\t\t\t\t<div class=\"elementor-element elementor-element-3e9416e elementor-widget elementor-widget-text-editor\" data-id=\"3e9416e\" data-element_type=\"widget\" data-e-type=\"widget\" data-widget_type=\"text-editor.default\">\n\t\t\t\t<div class=\"elementor-widget-container\">\n\t\t\t\t\t\t\t\t\t<p>L\u2019aspiration de la graisse par la technique assist\u00e9e par hydrojet avec application du protocole de traitement pr\u00e9sent\u00e9 est une m\u00e9thode efficace de traitement chirurgical de patientes du lip\u0153d\u00e8me au stade pr\u00e9coce r\u00e9duisant nettement la gravit\u00e9 des sympt\u00f4mes et la n\u00e9cessit\u00e9 d\u2019un traitement conservateur.<\/p>\n\t\t\t\t\t\t\t\t<\/div>\n\t\t\t\t<\/div>\n\t\t\t\t<div class=\"elementor-element elementor-element-b54a484 cardbtn elementor-widget elementor-widget-button\" data-id=\"b54a484\" data-element_type=\"widget\" data-e-type=\"widget\" data-settings=\"{&quot;motion_fx_motion_fx_scrolling&quot;:&quot;yes&quot;,&quot;motion_fx_devices&quot;:[&quot;desktop&quot;,&quot;laptop&quot;,&quot;tablet&quot;,&quot;mobile&quot;]}\" data-widget_type=\"button.default\">\n\t\t\t\t<div class=\"elementor-widget-container\">\n\t\t\t\t\t\t\t\t\t<div class=\"elementor-button-wrapper\">\n\t\t\t\t\t<a class=\"elementor-button elementor-button-link elementor-size-md\" href=\"https:\/\/www.lipo.clinic\/wp-content\/uploads\/2023\/03\/Wasserstrahl-assistierte_Liposuktion_zur_Behandlung_von_Lipoedemen_Standardisiertes_Behandlungsprotokoll_und_Ergebnisse_von_63_Patienten.pdf\" target=\"_blank\">\n\t\t\t\t\t\t<span class=\"elementor-button-content-wrapper\">\n\t\t\t\t\t\t\t\t\t<span class=\"elementor-button-text\">Lire la suite<\/span>\n\t\t\t\t\t<\/span>\n\t\t\t\t\t<\/a>\n\t\t\t\t<\/div>\n\t\t\t\t\t\t\t\t<\/div>\n\t\t\t\t<\/div>\n\t\t\t\t<\/div>\n\t\t\t\t<\/article>\n\t\t\t\t\t<\/div>\n\t\t\t\t<\/div>\n\t\t\t\t<\/div>\n\t\t<div class=\"elementor-element elementor-element-486a578 e-con-full cardholder e-flex e-con e-child\" data-id=\"486a578\" data-element_type=\"container\" data-e-type=\"container\">\n\t\t<div class=\"elementor-element elementor-element-902db6f e-flex e-con-boxed e-con e-child\" data-id=\"902db6f\" data-element_type=\"container\" data-e-type=\"container\">\n\t\t\t\t\t<div class=\"e-con-inner\">\n\t\t<article class=\"elementor-element elementor-element-e165e09 cardstyle e-con-full e-flex e-con e-child\" data-id=\"e165e09\" data-element_type=\"container\" data-e-type=\"container\">\n\t\t<div class=\"elementor-element elementor-element-e265e72 e-con-full e-flex e-con e-child\" data-id=\"e265e72\" data-element_type=\"container\" data-e-type=\"container\">\n\t\t\t\t<div class=\"elementor-element elementor-element-d5c29da cardimage elementor-widget elementor-widget-image\" data-id=\"d5c29da\" data-element_type=\"widget\" data-e-type=\"widget\" data-widget_type=\"image.default\">\n\t\t\t\t<div class=\"elementor-widget-container\">\n\t\t\t\t\t\t\t\t\t\t\t\t\t\t\t<img loading=\"lazy\" decoding=\"async\" width=\"800\" height=\"533\" src=\"https:\/\/www.lipo.clinic\/wp-content\/uploads\/2023\/04\/Kreislaufreaktionen_nach_wasserstrahl_assistierter-1024x682.jpg\" class=\"attachment-large size-large wp-image-4556\" alt=\"\" srcset=\"https:\/\/www.lipo.clinic\/wp-content\/uploads\/2023\/04\/Kreislaufreaktionen_nach_wasserstrahl_assistierter-1024x682.jpg 1024w, https:\/\/www.lipo.clinic\/wp-content\/uploads\/2023\/04\/Kreislaufreaktionen_nach_wasserstrahl_assistierter-300x200.jpg 300w, https:\/\/www.lipo.clinic\/wp-content\/uploads\/2023\/04\/Kreislaufreaktionen_nach_wasserstrahl_assistierter-768x512.jpg 768w, https:\/\/www.lipo.clinic\/wp-content\/uploads\/2023\/04\/Kreislaufreaktionen_nach_wasserstrahl_assistierter-1536x1024.jpg 1536w, https:\/\/www.lipo.clinic\/wp-content\/uploads\/2023\/04\/Kreislaufreaktionen_nach_wasserstrahl_assistierter.jpg 2000w\" sizes=\"(max-width: 800px) 100vw, 800px\" \/>\t\t\t\t\t\t\t\t\t\t\t\t\t\t\t<\/div>\n\t\t\t\t<\/div>\n\t\t\t\t<div class=\"elementor-element elementor-element-c151fbe elementor-widget elementor-widget-heading\" data-id=\"c151fbe\" data-element_type=\"widget\" data-e-type=\"widget\" data-widget_type=\"heading.default\">\n\t\t\t\t<div class=\"elementor-widget-container\">\n\t\t\t\t\t<div class=\"elementor-heading-title elementor-size-default\"><strong>Les r\u00e9actions du syst\u00e8me cardio-vasculaire apr\u00e8s une liposuccion assist\u00e9e par hydrojet en traitement du lip\u0153d\u00e8me<\/strong><\/div>\t\t\t\t<\/div>\n\t\t\t\t<\/div>\n\t\t\t\t<div class=\"elementor-element elementor-element-10141c0 elementor-widget elementor-widget-text-editor\" data-id=\"10141c0\" data-element_type=\"widget\" data-e-type=\"widget\" data-widget_type=\"text-editor.default\">\n\t\t\t\t<div class=\"elementor-widget-container\">\n\t\t\t\t\t\t\t\t\t<p class=\"p1\">Une \u00e9tude de suivi de 1 000 op\u00e9rations a \u00e9t\u00e9 conduite du 01\/01\/2012 au 31\/03\/2018 pour examiner les r\u00e9actions postop\u00e9ratoires du syst\u00e8me cardio-vasculaire des patientes trait\u00e9es. Les patientes trait\u00e9es pr\u00e9sentaient des lip\u0153d\u00e8mes des stades I \u00e0 III. La lipo-d\u00e9compression a \u00e9t\u00e9 r\u00e9alis\u00e9e selon un protocole op\u00e9ratoire standardis\u00e9 et l\u2019\u00e9valuation selon une \u00e9chelle analogique.<\/p>\n\t\t\t\t\t\t\t\t<\/div>\n\t\t\t\t<\/div>\n\t\t\t\t<div class=\"elementor-element elementor-element-acd076f cardbtn elementor-widget elementor-widget-button\" data-id=\"acd076f\" data-element_type=\"widget\" data-e-type=\"widget\" data-settings=\"{&quot;motion_fx_motion_fx_scrolling&quot;:&quot;yes&quot;,&quot;motion_fx_devices&quot;:[&quot;desktop&quot;,&quot;laptop&quot;,&quot;tablet&quot;,&quot;mobile&quot;]}\" data-widget_type=\"button.default\">\n\t\t\t\t<div class=\"elementor-widget-container\">\n\t\t\t\t\t\t\t\t\t<div class=\"elementor-button-wrapper\">\n\t\t\t\t\t<a class=\"elementor-button elementor-button-link elementor-size-md\" href=\"https:\/\/www.lipo.clinic\/wp-content\/uploads\/2023\/03\/Witte-Kreislaufreaktionen-vasomed-4-2018_Druckschutz.pdf\" target=\"_blank\" rel=\"nofollow\">\n\t\t\t\t\t\t<span class=\"elementor-button-content-wrapper\">\n\t\t\t\t\t\t\t\t\t<span class=\"elementor-button-text\">Lire la suite<\/span>\n\t\t\t\t\t<\/span>\n\t\t\t\t\t<\/a>\n\t\t\t\t<\/div>\n\t\t\t\t\t\t\t\t<\/div>\n\t\t\t\t<\/div>\n\t\t\t\t<\/div>\n\t\t\t\t<\/article>\n\t\t\t\t\t<\/div>\n\t\t\t\t<\/div>\n\t\t<div class=\"elementor-element elementor-element-2b5e5d2 e-flex e-con-boxed e-con e-child\" data-id=\"2b5e5d2\" data-element_type=\"container\" data-e-type=\"container\">\n\t\t\t\t\t<div class=\"e-con-inner\">\n\t\t<article class=\"elementor-element elementor-element-708eb5e cardstyle e-con-full e-flex e-con e-child\" data-id=\"708eb5e\" data-element_type=\"container\" data-e-type=\"container\">\n\t\t<div class=\"elementor-element elementor-element-00e06ab e-con-full e-flex e-con e-child\" data-id=\"00e06ab\" data-element_type=\"container\" data-e-type=\"container\">\n\t\t\t\t<\/div>\n\t\t\t\t<\/article>\n\t\t\t\t\t<\/div>\n\t\t\t\t<\/div>\n\t\t\t\t<\/div>\n\t\t\t\t<\/section>\n\t\t\t\t<\/div>\n\t\t","protected":false},"excerpt":{"rendered":"<p>L\u2019\u00e9tat de la science La LipoClinic s\u2019engage pour une recherche intensive dans la maladie du lip\u0153d\u00e8me. Il est particuli\u00e8rement important pour nous que l&#8217;environnement et les conditions psychologiques soient \u00e9galement pris en compte dans la th\u00e9rapie. L&#8217;OMS et le lipoed\u00e8me L\u2019Organisation Mondiale de la Sant\u00e9 (OMS) a reconnu le lip\u0153d\u00e8me comme maladie et l\u2019a enregistr\u00e9 [&hellip;]<\/p>\n","protected":false},"author":6,"featured_media":4528,"parent":0,"menu_order":0,"comment_status":"closed","ping_status":"closed","template":"","meta":{"_acf_changed":false,"inline_featured_image":false,"footnotes":""},"class_list":["post-14360","page","type-page","status-publish","has-post-thumbnail","hentry"],"acf":[],"_links":{"self":[{"href":"https:\/\/www.lipo.clinic\/fr\/wp-json\/wp\/v2\/pages\/14360","targetHints":{"allow":["GET"]}}],"collection":[{"href":"https:\/\/www.lipo.clinic\/fr\/wp-json\/wp\/v2\/pages"}],"about":[{"href":"https:\/\/www.lipo.clinic\/fr\/wp-json\/wp\/v2\/types\/page"}],"author":[{"embeddable":true,"href":"https:\/\/www.lipo.clinic\/fr\/wp-json\/wp\/v2\/users\/6"}],"replies":[{"embeddable":true,"href":"https:\/\/www.lipo.clinic\/fr\/wp-json\/wp\/v2\/comments?post=14360"}],"version-history":[{"count":1,"href":"https:\/\/www.lipo.clinic\/fr\/wp-json\/wp\/v2\/pages\/14360\/revisions"}],"predecessor-version":[{"id":14361,"href":"https:\/\/www.lipo.clinic\/fr\/wp-json\/wp\/v2\/pages\/14360\/revisions\/14361"}],"wp:featuredmedia":[{"embeddable":true,"href":"https:\/\/www.lipo.clinic\/fr\/wp-json\/wp\/v2\/media\/4528"}],"wp:attachment":[{"href":"https:\/\/www.lipo.clinic\/fr\/wp-json\/wp\/v2\/media?parent=14360"}],"curies":[{"name":"wp","href":"https:\/\/api.w.org\/{rel}","templated":true}]}}