{"id":15524,"date":"2023-11-17T10:40:53","date_gmt":"2023-11-17T10:40:53","guid":{"rendered":"https:\/\/www.lipo.clinic\/stades-et-types-de-lipoedeme\/"},"modified":"2025-07-02T14:20:44","modified_gmt":"2025-07-02T14:20:44","slug":"stades-et-types-de-lipoedeme","status":"publish","type":"page","link":"https:\/\/www.lipo.clinic\/fr\/stades-et-types-de-lipoedeme\/","title":{"rendered":"Stades et types de lip\u0153d\u00e8me"},"content":{"rendered":"\t\t<div data-elementor-type=\"wp-page\" data-elementor-id=\"15524\" class=\"elementor elementor-15524 elementor-9020\" data-elementor-post-type=\"page\">\n\t\t\t\t<section class=\"elementor-element elementor-element-2d63585 e-con-full e-flex e-con e-parent\" data-id=\"2d63585\" data-element_type=\"container\" data-e-type=\"container\" data-settings=\"{&quot;background_background&quot;:&quot;classic&quot;}\">\n\t\t<div class=\"elementor-element elementor-element-41856a6 e-con-full e-flex e-con e-child\" data-id=\"41856a6\" data-element_type=\"container\" data-e-type=\"container\">\n\t\t\t\t<div class=\"elementor-element elementor-element-058b9cd stickyhead elementor-widget elementor-widget-heading\" data-id=\"058b9cd\" data-element_type=\"widget\" data-e-type=\"widget\" data-widget_type=\"heading.default\">\n\t\t\t\t<div class=\"elementor-widget-container\">\n\t\t\t\t\t<h2 class=\"elementor-heading-title elementor-size-default\">Stades<br>et types <\/h2>\t\t\t\t<\/div>\n\t\t\t\t<\/div>\n\t\t\t\t<\/div>\n\t\t<div class=\"elementor-element elementor-element-3fb3d4f e-con-full e-flex e-con e-child\" data-id=\"3fb3d4f\" data-element_type=\"container\" data-e-type=\"container\">\n\t\t\t\t<div class=\"elementor-element elementor-element-4106faf elementor-widget elementor-widget-text-editor\" data-id=\"4106faf\" data-element_type=\"widget\" data-e-type=\"widget\" data-widget_type=\"text-editor.default\">\n\t\t\t\t<div class=\"elementor-widget-container\">\n\t\t\t\t\t\t\t\t\t<p class=\"p1\"><strong>Le lip\u0153d\u00e8me est un trouble de la r\u00e9partition des cellules adipeuses chronique et \u00e9volutive. Il se classe en trois stades et quatre types.<\/strong><\/p><p class=\"p1\">Le classement du degr\u00e9 de s\u00e9v\u00e9rit\u00e9 est pris en charge par le <a href=\"https:\/\/www.lipo.clinic\/fr\/lequipe\/#aerzte\">m\u00e9decin traitant<\/a> sur la base d\u2019examens visuels de surfaces de la peau ainsi que par palpation.<\/p>\t\t\t\t\t\t\t\t<\/div>\n\t\t\t\t<\/div>\n\t\t\t\t<div class=\"elementor-element elementor-element-cf3fb36 elementor-widget elementor-widget-heading\" data-id=\"cf3fb36\" data-element_type=\"widget\" data-e-type=\"widget\" data-widget_type=\"heading.default\">\n\t\t\t\t<div class=\"elementor-widget-container\">\n\t\t\t\t\t<h3 class=\"elementor-heading-title elementor-size-default\">LES TROIS STADES DU LIP\u0152D\u00c8ME<\/h3>\t\t\t\t<\/div>\n\t\t\t\t<\/div>\n\t\t\t\t<div class=\"elementor-element elementor-element-556ddbb elementor-widget elementor-widget-text-editor\" data-id=\"556ddbb\" data-element_type=\"widget\" data-e-type=\"widget\" data-widget_type=\"text-editor.default\">\n\t\t\t\t<div class=\"elementor-widget-container\">\n\t\t\t\t\t\t\t\t\t<p class=\"p1\"><b><a href=\"https:\/\/www.lipo.clinic\/fr\/lipoedeme-stade-1\/\">Stade 1 : <\/a><\/b>surface de la peau lisse, tissus adipeux sous-cutan\u00e9s \u00e9paissis, structure graisseuse finement nodulaire<\/p><p class=\"p1\"><b><a href=\"https:\/\/www.lipo.clinic\/fr\/lipoedeme-stade-2\/\">Stade 2 : <\/a><\/b>surface de la peau irr\u00e9guli\u00e8re, bosses, fossettes, structure graisseuse grossi\u00e8rement nodulaire<\/p><p class=\"p1\"><b><a href=\"https:\/\/www.lipo.clinic\/lipoedem-stadium-3\/\">Stade 3 : <\/a><\/b>tissus plus grossiers et plus durs, formation de grandes poches <span class=\"s1\">de graisse et de lobes<\/span><\/p>\t\t\t\t\t\t\t\t<\/div>\n\t\t\t\t<\/div>\n\t\t\t\t<div class=\"elementor-element elementor-element-794693c elementor-widget elementor-widget-heading\" data-id=\"794693c\" data-element_type=\"widget\" data-e-type=\"widget\" data-widget_type=\"heading.default\">\n\t\t\t\t<div class=\"elementor-widget-container\">\n\t\t\t\t\t<h3 class=\"elementor-heading-title elementor-size-default\">LES QUATRE TYPES DE LIP\u0152D\u00c8ME<\/h3>\t\t\t\t<\/div>\n\t\t\t\t<\/div>\n\t\t\t\t<div class=\"elementor-element elementor-element-d397b1f elementor-widget__width-initial elementor-widget elementor-widget-text-editor\" data-id=\"d397b1f\" data-element_type=\"widget\" data-e-type=\"widget\" data-widget_type=\"text-editor.default\">\n\t\t\t\t<div class=\"elementor-widget-container\">\n\t\t\t\t\t\t\t\t\t<p class=\"p1\"><b>Alors que l\u2019aspect de la structure de la peau et du tissu est prise consid\u00e9ration pour la d\u00e9termination des diff\u00e9rents stades, ce sont les zones corporelles concern\u00e9es qui sont d\u00e9terminantes pour une affectation \u00e0 l\u2019un des types.<\/b><\/p><p class=\"p1\"><b>Type 1 : l<\/b>a graisse sous-cutan\u00e9e s\u2019accumule surtout dans la zone du fessier et des hanches. Il se forme ainsi ce que l\u2019on appelle la \u00ab culotte de cheval \u00bb.<\/p><p class=\"p1\"><b>Type 2 :<\/b> le lip\u0153d\u00e8me s\u2019est d\u00e9velopp\u00e9 jusqu\u2019aux genoux. Des accumulations de graisse se forment sur le c\u00f4t\u00e9 int\u00e9rieur des genoux.<\/p><p class=\"p1\"><b>Type 3 :<\/b> la maladie s\u2019\u00e9tend des hanches jusqu\u2019aux chevilles. Les pieds ne sont pas concern\u00e9s.<\/p><p class=\"p1\"><b>Type 4 :<\/b> le lip\u0153d\u00e8me atteint maintenant aussi les bras. Les poignets et les mains ne sont pas concern\u00e9s.<\/p>\t\t\t\t\t\t\t\t<\/div>\n\t\t\t\t<\/div>\n\t\t\t\t<\/div>\n\t\t\t\t<\/section>\n\t\t\t\t<\/div>\n\t\t","protected":false},"excerpt":{"rendered":"<p>Stadeset types Le lip\u0153d\u00e8me est un trouble de la r\u00e9partition des cellules adipeuses chronique et \u00e9volutive. Il se classe en trois stades et quatre types. Le classement du degr\u00e9 de s\u00e9v\u00e9rit\u00e9 est pris en charge par le m\u00e9decin traitant sur la base d\u2019examens visuels de surfaces de la peau ainsi que par palpation. LES TROIS [&hellip;]<\/p>\n","protected":false},"author":6,"featured_media":4469,"parent":0,"menu_order":0,"comment_status":"closed","ping_status":"closed","template":"","meta":{"_acf_changed":false,"inline_featured_image":false,"footnotes":""},"class_list":["post-15524","page","type-page","status-publish","has-post-thumbnail","hentry"],"acf":[],"_links":{"self":[{"href":"https:\/\/www.lipo.clinic\/fr\/wp-json\/wp\/v2\/pages\/15524","targetHints":{"allow":["GET"]}}],"collection":[{"href":"https:\/\/www.lipo.clinic\/fr\/wp-json\/wp\/v2\/pages"}],"about":[{"href":"https:\/\/www.lipo.clinic\/fr\/wp-json\/wp\/v2\/types\/page"}],"author":[{"embeddable":true,"href":"https:\/\/www.lipo.clinic\/fr\/wp-json\/wp\/v2\/users\/6"}],"replies":[{"embeddable":true,"href":"https:\/\/www.lipo.clinic\/fr\/wp-json\/wp\/v2\/comments?post=15524"}],"version-history":[{"count":1,"href":"https:\/\/www.lipo.clinic\/fr\/wp-json\/wp\/v2\/pages\/15524\/revisions"}],"predecessor-version":[{"id":15525,"href":"https:\/\/www.lipo.clinic\/fr\/wp-json\/wp\/v2\/pages\/15524\/revisions\/15525"}],"wp:featuredmedia":[{"embeddable":true,"href":"https:\/\/www.lipo.clinic\/fr\/wp-json\/wp\/v2\/media\/4469"}],"wp:attachment":[{"href":"https:\/\/www.lipo.clinic\/fr\/wp-json\/wp\/v2\/media?parent=15524"}],"curies":[{"name":"wp","href":"https:\/\/api.w.org\/{rel}","templated":true}]}}