{"id":20218,"date":"2025-06-06T10:46:40","date_gmt":"2025-06-06T10:46:40","guid":{"rendered":"https:\/\/www.lipo.clinic\/financement\/"},"modified":"2026-04-21T10:20:00","modified_gmt":"2026-04-21T10:20:00","slug":"financement","status":"publish","type":"page","link":"https:\/\/www.lipo.clinic\/fr\/financement\/","title":{"rendered":"Financement"},"content":{"rendered":"\t\t<div data-elementor-type=\"wp-page\" data-elementor-id=\"20218\" class=\"elementor elementor-20218 elementor-14098\" data-elementor-post-type=\"page\">\n\t\t\t\t<section class=\"elementor-element elementor-element-32f8c00 e-con-full e-flex e-con e-parent\" data-id=\"32f8c00\" data-element_type=\"container\" data-e-type=\"container\">\n\t\t<div class=\"elementor-element elementor-element-c2283af e-con-full e-flex e-con e-child\" data-id=\"c2283af\" data-element_type=\"container\" data-e-type=\"container\">\n\t\t\t\t<div class=\"elementor-element elementor-element-baf0ac9 elementor-widget elementor-widget-heading\" data-id=\"baf0ac9\" data-element_type=\"widget\" data-e-type=\"widget\" data-widget_type=\"heading.default\">\n\t\t\t\t<div class=\"elementor-widget-container\">\n\t\t\t\t\t<h2 class=\"elementor-heading-title elementor-size-default\">Un chemin vers une nouvelle qualit\u00e9 de vie - Financement de votre chirurgie du lip\u0153d\u00e8me\n<\/h2>\t\t\t\t<\/div>\n\t\t\t\t<\/div>\n\t\t\t\t<\/div>\n\t\t<div class=\"elementor-element elementor-element-36d19c9 e-con-full e-flex e-con e-child\" data-id=\"36d19c9\" data-element_type=\"container\" data-e-type=\"container\">\n\t\t\t\t<div class=\"elementor-element elementor-element-a51bd85 elementor-widget elementor-widget-text-editor\" data-id=\"a51bd85\" data-element_type=\"widget\" data-e-type=\"widget\" data-widget_type=\"text-editor.default\">\n\t\t\t\t<div class=\"elementor-widget-container\">\n\t\t\t\t\t\t\t\t\t<p data-start=\"281\" data-end=\"608\">La vie avec un lip\u0153d\u00e8me est souvent marqu\u00e9e par la douleur, l&#8217;incertitude et un long chemin vers une meilleure qualit\u00e9 de vie. De nombreuses femmes qui viennent nous voir nous font part de la charge \u00e9motionnelle et physique qui les a accompagn\u00e9es pendant des ann\u00e9es &#8211; et de leur souhait de pouvoir enfin vivre \u00e0 nouveau librement, sans souci et de mani\u00e8re autonome. <\/p>\t\t\t\t\t\t\t\t<\/div>\n\t\t\t\t<\/div>\n\t\t\t\t<div class=\"elementor-element elementor-element-b956815 elementor-widget elementor-widget-text-editor\" data-id=\"b956815\" data-element_type=\"widget\" data-e-type=\"widget\" data-widget_type=\"text-editor.default\">\n\t\t\t\t<div class=\"elementor-widget-container\">\n\t\t\t\t\t\t\t\t\t<p data-start=\"610\" data-end=\"871\">En tant que clinique priv\u00e9e non agr\u00e9\u00e9e par l&#8217;assurance maladie, nos patientes doivent payer elles-m\u00eames les frais de la chirurgie du lip\u0153d\u00e8me. Nous savons que cela peut \u00eatre un obstacle majeur &#8211; et que les soucis financiers ajoutent une pression suppl\u00e9mentaire \u00e0 une situation d\u00e9j\u00e0 p\u00e9nible. <\/p><p data-start=\"873\" data-end=\"1131\">Il est donc d&#8217;autant plus important pour nous de vous apporter un soutien complet. Beaucoup de nos patientes ont choisi de financer leur traitement par le biais d&#8217;un prestataire ind\u00e9pendant &#8211; et ont ainsi trouv\u00e9 la possibilit\u00e9 de payer leur traitement en petites mensualit\u00e9s faciles \u00e0 planifier. <\/p>\t\t\t\t\t\t\t\t<\/div>\n\t\t\t\t<\/div>\n\t\t\t\t<\/div>\n\t\t\t\t<\/section>\n\t\t<section class=\"elementor-element elementor-element-02970c0 e-con-full e-flex e-con e-parent\" data-id=\"02970c0\" data-element_type=\"container\" data-e-type=\"container\" id=\"was\" data-settings=\"{&quot;background_background&quot;:&quot;classic&quot;}\">\n\t\t<div class=\"elementor-element elementor-element-8a87a0d e-con-full e-flex e-con e-child\" data-id=\"8a87a0d\" data-element_type=\"container\" data-e-type=\"container\">\n\t\t\t\t<div class=\"elementor-element elementor-element-92f0403 stickyhead elementor-widget elementor-widget-heading\" data-id=\"92f0403\" data-element_type=\"widget\" data-e-type=\"widget\" data-widget_type=\"heading.default\">\n\t\t\t\t<div class=\"elementor-widget-container\">\n\t\t\t\t\t<h2 class=\"elementor-heading-title elementor-size-default\">All\u00e9ger la charge de travail plut\u00f4t que le financement\n\n<\/h2>\t\t\t\t<\/div>\n\t\t\t\t<\/div>\n\t\t\t\t<\/div>\n\t\t<div class=\"elementor-element elementor-element-93b96b1 e-con-full e-flex e-con e-child\" data-id=\"93b96b1\" data-element_type=\"container\" data-e-type=\"container\">\n\t\t\t\t<div class=\"elementor-element elementor-element-b0bf016 elementor-widget elementor-widget-text-editor\" data-id=\"b0bf016\" data-element_type=\"widget\" data-e-type=\"widget\" data-widget_type=\"text-editor.default\">\n\t\t\t\t<div class=\"elementor-widget-container\">\n\t\t\t\t\t\t\t\t\t<p data-start=\"1172\" data-end=\"1447\">Si vous envisagez un financement, nous serons heureux de vous faire profiter de notre exp\u00e9rience et de vous mettre en contact avec un partenaire financier ind\u00e9pendant et de confiance.  <strong>Beaucoup de nos patientes ont d\u00e9j\u00e0 eu une bonne exp\u00e9rience avec lui &#8211; elles appr\u00e9cient particuli\u00e8rement le fait qu&#8217;il comprenne leur situation et les conseille avec empathie.  <\/strong>Bien entendu, la d\u00e9cision vous appartient enti\u00e8rement.<\/p>\t\t\t\t\t\t\t\t<\/div>\n\t\t\t\t<\/div>\n\t\t\t\t<div class=\"elementor-element elementor-element-8972660 elementor-widget elementor-widget-button\" data-id=\"8972660\" data-element_type=\"widget\" data-e-type=\"widget\" data-widget_type=\"button.default\">\n\t\t\t\t<div class=\"elementor-widget-container\">\n\t\t\t\t\t\t\t\t\t<div class=\"elementor-button-wrapper\">\n\t\t\t\t\t<a class=\"elementor-button elementor-button-link elementor-size-sm\" href=\"https:\/\/kreditprofi.de\/lipoedem\/\" rel=\"nofollow noopener\" target=\"_blank\">\n\t\t\t\t\t\t<span class=\"elementor-button-content-wrapper\">\n\t\t\t\t\t\t\t\t\t<span class=\"elementor-button-text\">Discuter du financement maintenant<\/span>\n\t\t\t\t\t<\/span>\n\t\t\t\t\t<\/a>\n\t\t\t\t<\/div>\n\t\t\t\t\t\t\t\t<\/div>\n\t\t\t\t<\/div>\n\t\t\t\t<div class=\"elementor-element elementor-element-4c73e43 elementor-widget elementor-widget-text-editor\" data-id=\"4c73e43\" data-element_type=\"widget\" data-e-type=\"widget\" data-widget_type=\"text-editor.default\">\n\t\t\t\t<div class=\"elementor-widget-container\">\n\t\t\t\t\t\t\t\t\t<p data-start=\"1449\" data-end=\"1644\"><em data-start=\"1449\" data-end=\"1644\">Remarque : le financement est g\u00e9r\u00e9 par un fournisseur externe et ind\u00e9pendant. Nous n&#8217;avons pas de coop\u00e9ration contractuelle et transmettons cette option uniquement \u00e0 titre de soutien. <\/em><\/p>\t\t\t\t\t\t\t\t<\/div>\n\t\t\t\t<\/div>\n\t\t\t\t<\/div>\n\t\t\t\t<\/section>\n\t\t<section class=\"elementor-element elementor-element-a99a5c1 e-con-full e-flex e-con e-parent\" data-id=\"a99a5c1\" data-element_type=\"container\" data-e-type=\"container\">\n\t\t\t\t<\/section>\n\t\t<section class=\"elementor-element elementor-element-cdfe77d e-con-full e-flex e-con e-parent\" data-id=\"cdfe77d\" data-element_type=\"container\" data-e-type=\"container\" data-settings=\"{&quot;background_background&quot;:&quot;classic&quot;}\">\n\t\t<div class=\"elementor-element elementor-element-bf14e18 e-con-full e-flex e-con e-child\" data-id=\"bf14e18\" data-element_type=\"container\" data-e-type=\"container\">\n\t\t\t\t<div class=\"elementor-element elementor-element-ef85713 stickyhead elementor-widget elementor-widget-heading\" data-id=\"ef85713\" data-element_type=\"widget\" data-e-type=\"widget\" data-widget_type=\"heading.default\">\n\t\t\t\t<div class=\"elementor-widget-container\">\n\t\t\t\t\t<h2 class=\"elementor-heading-title elementor-size-default\">Comprendre le financement : Votre chemin vers une meilleure qualit\u00e9 de vie<\/h2>\t\t\t\t<\/div>\n\t\t\t\t<\/div>\n\t\t\t\t<\/div>\n\t\t<div class=\"elementor-element elementor-element-2cdc70f e-con-full e-flex e-con e-child\" data-id=\"2cdc70f\" data-element_type=\"container\" data-e-type=\"container\">\n\t\t\t\t<div class=\"elementor-element elementor-element-44aba10 elementor-widget elementor-widget-text-editor\" data-id=\"44aba10\" data-element_type=\"widget\" data-e-type=\"widget\" data-widget_type=\"text-editor.default\">\n\t\t\t\t<div class=\"elementor-widget-container\">\n\t\t\t\t\t\t\t\t\t<p data-start=\"314\" data-end=\"632\">De nombreuses femmes qui ont subi une chirurgie du lip\u0153d\u00e8me chez nous font part de leur exp\u00e9rience positive de pouvoir r\u00e9aliser le traitement via un financement externe. C&#8217;est justement lorsque les co\u00fbts ne peuvent pas \u00eatre support\u00e9s en une seule fois qu&#8217;un paiement \u00e9chelonn\u00e9 bien structur\u00e9 peut offrir un soulagement sensible. <\/p><p data-start=\"634\" data-end=\"709\"><strong data-start=\"634\" data-end=\"709\">Ce que les patientes appr\u00e9cient particuli\u00e8rement dans les offres de financement externe :<\/strong><\/p><ul data-start=\"711\" data-end=\"1342\"><li data-start=\"711\" data-end=\"877\"><p data-start=\"713\" data-end=\"877\"><strong data-start=\"713\" data-end=\"741\">Plans de versements individuels :<\/strong><br data-start=\"741\" data-end=\"744\">La possibilit\u00e9 d&#8217;adapter le remboursement de mani\u00e8re flexible \u00e0 sa propre situation financi\u00e8re est souvent per\u00e7ue comme un grand avantage.<\/p><\/li><li data-start=\"879\" data-end=\"1047\"><p data-start=\"881\" data-end=\"1047\"><strong data-start=\"881\" data-end=\"924\">Proc\u00e9dure rapide et simple :<\/strong><br data-start=\"924\" data-end=\"927\">De nombreux fournisseurs permettent de faire une demande simple en ligne avec une r\u00e9ponse rapide &#8211; souvent sans longs d\u00e9lais d&#8217;attente.<\/p><\/li><li data-start=\"1049\" data-end=\"1188\"><p data-start=\"1051\" data-end=\"1188\"><strong data-start=\"1051\" data-end=\"1080\">Conditions transparentes :<\/strong><br data-start=\"1080\" data-end=\"1083\">Des structures de co\u00fbts clairement communiqu\u00e9es, sans frais cach\u00e9s, cr\u00e9ent la confiance et la s\u00e9curit\u00e9 de la planification.<\/p><\/li><li data-start=\"1190\" data-end=\"1342\"><p data-start=\"1192\" data-end=\"1342\"><strong data-start=\"1192\" data-end=\"1220\">Consultation sans engagement :<\/strong><br data-start=\"1220\" data-end=\"1223\">Dans de nombreux cas, une consultation gratuite et sans engagement est possible afin de discuter des options appropri\u00e9es.<\/p><\/li><\/ul>\t\t\t\t\t\t\t\t<\/div>\n\t\t\t\t<\/div>\n\t\t\t\t<div class=\"elementor-element elementor-element-b9f1d09 elementor-widget elementor-widget-button\" data-id=\"b9f1d09\" data-element_type=\"widget\" data-e-type=\"widget\" data-widget_type=\"button.default\">\n\t\t\t\t<div class=\"elementor-widget-container\">\n\t\t\t\t\t\t\t\t\t<div class=\"elementor-button-wrapper\">\n\t\t\t\t\t<a class=\"elementor-button elementor-button-link elementor-size-sm\" href=\"https:\/\/kreditprofi.de\/lipoedem\/\" rel=\"nofollow noopener\" target=\"_blank\">\n\t\t\t\t\t\t<span class=\"elementor-button-content-wrapper\">\n\t\t\t\t\t\t\t\t\t<span class=\"elementor-button-text\">Discuter du financement maintenant<\/span>\n\t\t\t\t\t<\/span>\n\t\t\t\t\t<\/a>\n\t\t\t\t<\/div>\n\t\t\t\t\t\t\t\t<\/div>\n\t\t\t\t<\/div>\n\t\t\t\t<\/div>\n\t\t\t\t<\/section>\n\t\t<section class=\"elementor-element elementor-element-0d1898b e-con-full e-flex e-con e-parent\" data-id=\"0d1898b\" data-element_type=\"container\" data-e-type=\"container\" data-settings=\"{&quot;background_background&quot;:&quot;classic&quot;}\">\n\t\t<div class=\"elementor-element elementor-element-b635277 e-con-full e-flex e-con e-child\" data-id=\"b635277\" data-element_type=\"container\" data-e-type=\"container\">\n\t\t\t\t<div class=\"elementor-element elementor-element-8423827 stickyhead elementor-widget elementor-widget-heading\" data-id=\"8423827\" data-element_type=\"widget\" data-e-type=\"widget\" data-widget_type=\"heading.default\">\n\t\t\t\t<div class=\"elementor-widget-container\">\n\t\t\t\t\t<h2 class=\"elementor-heading-title elementor-size-default\">Autres conseils pour votre planification<\/h2>\t\t\t\t<\/div>\n\t\t\t\t<\/div>\n\t\t\t\t<\/div>\n\t\t<div class=\"elementor-element elementor-element-ccc28df e-con-full e-flex e-con e-child\" data-id=\"ccc28df\" data-element_type=\"container\" data-e-type=\"container\">\n\t\t\t\t<div class=\"elementor-element elementor-element-9b189ba elementor-widget elementor-widget-text-editor\" data-id=\"9b189ba\" data-element_type=\"widget\" data-e-type=\"widget\" data-widget_type=\"text-editor.default\">\n\t\t\t\t<div class=\"elementor-widget-container\">\n\t\t\t\t\t\t\t\t\t<p data-start=\"249\" data-end=\"376\">M\u00eame si le financement est un sujet sensible, vous n&#8217;\u00eates pas seul \u00e0 le vivre &#8211; et il existe des moyens utiles pour y faire face :<\/p><ul data-start=\"378\" data-end=\"1364\"><li data-start=\"378\" data-end=\"638\"><p data-start=\"380\" data-end=\"638\"><strong data-start=\"380\" data-end=\"413\">Clarifier les choses le plus t\u00f4t possible :<\/strong> parlez \u00e0 un conseiller financier le plus t\u00f4t possible. Une discussion franche peut vous aider \u00e0 mieux cerner votre situation et soulage souvent la pression \u00e9motionnelle qui peut \u00eatre associ\u00e9e \u00e0 ce sujet. <\/p><\/li><li data-start=\"639\" data-end=\"840\"><p data-start=\"641\" data-end=\"840\"><strong data-start=\"641\" data-end=\"676\">Impliquer la famille et l&#8217;entourage :<\/strong> N&#8217;h\u00e9sitez pas \u00e0 impliquer des personnes de confiance dans votre r\u00e9flexion. Le soutien dans le processus de d\u00e9cision est pr\u00e9cieux, tant sur le plan \u00e9motionnel que pratique. <\/p><\/li><li data-start=\"841\" data-end=\"1132\"><p data-start=\"843\" data-end=\"1132\"><strong data-start=\"843\" data-end=\"875\">Examiner les avantages fiscaux :<\/strong> Sous certaines conditions, les traitements m\u00e9dicalement n\u00e9cessaires, y compris les op\u00e9rations, peuvent \u00eatre d\u00e9duits des imp\u00f4ts (par exemple comme charge exceptionnelle). Vous trouverez plus d&#8217;informations \u00e0 ce sujet dans notre <a href=\"https:\/\/www.lipo.clinic\/fr\/declaration-dimpots-sur-le-lipoedeme\/\">LipoBlog<\/a>. <\/p><\/li><li data-start=\"1133\" data-end=\"1364\"><p data-start=\"1135\" data-end=\"1364\"><strong data-start=\"1135\" data-end=\"1179\">Gardez un \u0153il sur les options de l&#8217;assurance maladie :<\/strong> M\u00eame si une prise en charge par la caisse d&#8217;assurance maladie n&#8217;est pas toujours possible, il vaut la peine de proc\u00e9der \u00e0 un examen individuel &#8211; par exemple dans les cas difficiles ou si un financement partiel a d\u00e9j\u00e0 \u00e9t\u00e9 accord\u00e9.<br><br><\/p><article class=\"text-token-text-primary w-full\" dir=\"auto\" data-testid=\"conversation-turn-27\" data-scroll-anchor=\"true\"><div class=\"text-base my-auto mx-auto py-5 [--thread-content-margin:--spacing(4)] @[37rem]:[--thread-content-margin:--spacing(6)] @[72rem]:[--thread-content-margin:--spacing(16)] px-(--thread-content-margin)\"><div class=\"[--thread-content-max-width:32rem] @[34rem]:[--thread-content-max-width:40rem] @[64rem]:[--thread-content-max-width:48rem] mx-auto flex max-w-(--thread-content-max-width) flex-1 text-base gap-4 md:gap-5 lg:gap-6 group\/turn-messages focus-visible:outline-hidden\" tabindex=\"-1\"><div class=\"group\/conversation-turn relative flex w-full min-w-0 flex-col agent-turn\"><div class=\"relative flex-col gap-1 md:gap-3\"><div class=\"flex max-w-full flex-col grow\"><div class=\"min-h-8 text-message relative flex w-full flex-col items-end gap-2 text-start break-words whitespace-normal [.text-message+&amp;]:mt-5\" dir=\"auto\" data-message-author-role=\"assistant\" data-message-id=\"2585aecc-ce6d-4faa-96f5-05a4a583b873\" data-message-model-slug=\"gpt-4o\"><div class=\"flex w-full flex-col gap-1 empty:hidden first:pt-[3px]\"><div class=\"markdown prose dark:prose-invert w-full break-words light\"><p data-start=\"78\" data-end=\"256\"><strong data-start=\"78\" data-end=\"254\">Veuillez noter qu&#8217;en tant que clinique priv\u00e9e, nous n&#8217;avons pas d&#8217;autorisation de prise en charge par l&#8217;assurance maladie obligatoire et que nous ne sommes donc pas \u00e9ligibles pour un traitement dans le cadre de l&#8217;assurance maladie obligatoire.<\/strong><\/p><\/div><\/div><\/div><\/div><div class=\"flex min-h-[46px] justify-start\"> <\/div><\/div><\/div><\/div><\/div><\/article><\/li><\/ul>\t\t\t\t\t\t\t\t<\/div>\n\t\t\t\t<\/div>\n\t\t\t\t<\/div>\n\t\t\t\t<\/section>\n\t\t<section class=\"elementor-element elementor-element-98ac425 e-con-full e-flex e-con e-parent\" data-id=\"98ac425\" data-element_type=\"container\" data-e-type=\"container\" data-settings=\"{&quot;background_background&quot;:&quot;classic&quot;}\">\n\t\t<div class=\"elementor-element elementor-element-0437357 e-con-full e-flex e-con e-child\" data-id=\"0437357\" data-element_type=\"container\" data-e-type=\"container\">\n\t\t\t\t<div class=\"elementor-element elementor-element-a5d4607 stickyhead elementor-widget elementor-widget-heading\" data-id=\"a5d4607\" data-element_type=\"widget\" data-e-type=\"widget\" data-widget_type=\"heading.default\">\n\t\t\t\t<div class=\"elementor-widget-container\">\n\t\t\t\t\t<h2 class=\"elementor-heading-title elementor-size-default\">Vous souhaitez vous informer sans engagement ?<\/h2>\t\t\t\t<\/div>\n\t\t\t\t<\/div>\n\t\t\t\t<\/div>\n\t\t<div class=\"elementor-element elementor-element-30b1e12 e-con-full e-flex e-con e-child\" data-id=\"30b1e12\" data-element_type=\"container\" data-e-type=\"container\">\n\t\t\t\t<div class=\"elementor-element elementor-element-5a6bb19 elementor-widget elementor-widget-text-editor\" data-id=\"5a6bb19\" data-element_type=\"widget\" data-e-type=\"widget\" data-widget_type=\"text-editor.default\">\n\t\t\t\t<div class=\"elementor-widget-container\">\n\t\t\t\t\t\t\t\t\t<p data-start=\"245\" data-end=\"459\">Si vous envisagez un financement ou souhaitez simplement en savoir plus sur vos possibilit\u00e9s, nous serons heureux de vous mettre en contact avec un fournisseur de financement externe de confiance.<\/p>\t\t\t\t\t\t\t\t<\/div>\n\t\t\t\t<\/div>\n\t\t\t\t<div class=\"elementor-element elementor-element-67b6f2d elementor-widget elementor-widget-button\" data-id=\"67b6f2d\" data-element_type=\"widget\" data-e-type=\"widget\" data-widget_type=\"button.default\">\n\t\t\t\t<div class=\"elementor-widget-container\">\n\t\t\t\t\t\t\t\t\t<div class=\"elementor-button-wrapper\">\n\t\t\t\t\t<a class=\"elementor-button elementor-button-link elementor-size-sm\" href=\"https:\/\/kreditprofi.de\/lipoedem\/\" rel=\"nofollow noopener\" target=\"_blank\">\n\t\t\t\t\t\t<span class=\"elementor-button-content-wrapper\">\n\t\t\t\t\t\t\t\t\t<span class=\"elementor-button-text\">Discuter du financement maintenant<\/span>\n\t\t\t\t\t<\/span>\n\t\t\t\t\t<\/a>\n\t\t\t\t<\/div>\n\t\t\t\t\t\t\t\t<\/div>\n\t\t\t\t<\/div>\n\t\t\t\t<\/div>\n\t\t\t\t<\/section>\n\t\t\t\t<\/div>\n\t\t","protected":false},"excerpt":{"rendered":"<p>Un chemin vers une nouvelle qualit\u00e9 de vie &#8211; Financement de votre chirurgie du lip\u0153d\u00e8me La vie avec un lip\u0153d\u00e8me est souvent marqu\u00e9e par la douleur, l&#8217;incertitude et un long chemin vers une meilleure qualit\u00e9 de vie. De nombreuses femmes qui viennent nous voir nous font part de la charge \u00e9motionnelle et physique qui les [&hellip;]<\/p>\n","protected":false},"author":9,"featured_media":9631,"parent":0,"menu_order":0,"comment_status":"closed","ping_status":"closed","template":"","meta":{"_acf_changed":false,"inline_featured_image":false,"footnotes":""},"class_list":["post-20218","page","type-page","status-publish","has-post-thumbnail","hentry"],"acf":[],"_links":{"self":[{"href":"https:\/\/www.lipo.clinic\/fr\/wp-json\/wp\/v2\/pages\/20218","targetHints":{"allow":["GET"]}}],"collection":[{"href":"https:\/\/www.lipo.clinic\/fr\/wp-json\/wp\/v2\/pages"}],"about":[{"href":"https:\/\/www.lipo.clinic\/fr\/wp-json\/wp\/v2\/types\/page"}],"author":[{"embeddable":true,"href":"https:\/\/www.lipo.clinic\/fr\/wp-json\/wp\/v2\/users\/9"}],"replies":[{"embeddable":true,"href":"https:\/\/www.lipo.clinic\/fr\/wp-json\/wp\/v2\/comments?post=20218"}],"version-history":[{"count":2,"href":"https:\/\/www.lipo.clinic\/fr\/wp-json\/wp\/v2\/pages\/20218\/revisions"}],"predecessor-version":[{"id":24404,"href":"https:\/\/www.lipo.clinic\/fr\/wp-json\/wp\/v2\/pages\/20218\/revisions\/24404"}],"wp:featuredmedia":[{"embeddable":true,"href":"https:\/\/www.lipo.clinic\/fr\/wp-json\/wp\/v2\/media\/9631"}],"wp:attachment":[{"href":"https:\/\/www.lipo.clinic\/fr\/wp-json\/wp\/v2\/media?parent=20218"}],"curies":[{"name":"wp","href":"https:\/\/api.w.org\/{rel}","templated":true}]}}