{"id":20263,"date":"2025-06-12T19:22:34","date_gmt":"2025-06-12T19:22:34","guid":{"rendered":"https:\/\/www.lipo.clinic\/declaration-daccessibilite\/"},"modified":"2026-01-27T12:42:42","modified_gmt":"2026-01-27T12:42:42","slug":"declaration-daccessibilite","status":"publish","type":"page","link":"https:\/\/www.lipo.clinic\/fr\/declaration-daccessibilite\/","title":{"rendered":"D\u00e9claration d&#8217;accessibilit\u00e9"},"content":{"rendered":"<p><strong>LipoClinic Dr. Heck GmbH<\/strong> setzt sich daf\u00fcr ein, dass seine digitalen Angebote f\u00fcr Menschen mit Behinderungen zug\u00e4nglich sind. <strong>LipoClinic Dr. Heck GmbH<\/strong>\u00a0investiert erhebliche Ressourcen, um allen Nutzern \u2013 einschlie\u00dflich Menschen mit Behinderungen \u2013 den Zugang zu erm\u00f6glichen, aus der festen \u00dcberzeugung heraus, dass jeder Mensch das Recht hat, mit W\u00fcrde, Gleichberechtigung, Komfort und Unabh\u00e4ngigkeit zu leben.<\/p>\n<p>Digitale Barrierefreiheit ist f\u00fcr uns kein einmaliges Ziel, sondern ein fortw\u00e4hrendes Versprechen, das sich in allen Bereichen unseres digitalen Angebots widerspiegelt. Wir erkennen an, dass dies eine kontinuierliche \u00dcberwachung, Verbesserung und Anpassung erfordert. In den folgenden Abschnitten erl\u00e4utern wir unsere Ma\u00dfnahmen und Fortschritte bei der Sicherstellung digitaler Barrierefreiheit f\u00fcr alle.<\/p>\n<p>Ein zentrales Element unserer Barrierefreiheits-Initiative ist die Zusammenarbeit mit der externen Beratungsorganisation\u00a0<strong>UserWay<\/strong>, um unsere Website konform zu gestalten. Wir setzen anerkannte Methoden und Werkzeuge der Branche ein, um die Anforderungen der jeweils aktuellen Version der\u00a0<a title=\"Web Content Accessibility Guidelines\" href=\"https:\/\/www.w3.org\/TR\/WCAG21\/\" rel=\"nofollow noopener\" data-uw-rm-brl=\"PR\" data-uw-original-href=\"https:\/\/www.w3.org\/TR\/WCAG21\/\" data-uw-original- target=\"_blank\">Web Content Accessibility Guidelines (WCAG)<\/a>\u00a0des World Wide Web Consortiums (W3C), der wichtigsten internationalen Standardisierungsorganisation des Internets, zu erf\u00fcllen.<\/p>\n<p><strong>lipo.clinic<\/strong> stellt das <a title=\"UserWay website\" href=\"https:\/\/userway.org\/\" rel=\"nofollow noopener\" data-uw-rm-brl=\"PR\" data-uw-original-href=\"https:\/\/userway.org\/\" data-uw-original- target=\"_blank\">UserWay Website Accessibility Widget<\/a>\u00a0bereit, das von einem dedizierten Barrierefreiheitsserver unterst\u00fctzt wird.<\/p>\n<p>Das Widget bietet nutzergesteuerte Funktionen, mit denen Besucher die Barrierefreiheit der Website verbessern k\u00f6nnen. Diese Funktionen erm\u00f6glichen es, z.\u202fB. die Schriftgr\u00f6\u00dfe zu vergr\u00f6\u00dfern, Animationen zu pausieren oder den Farbkontrast anzupassen. Nutzer k\u00f6nnen die Kombinationen ausw\u00e4hlen, die ihren Bed\u00fcrfnissen entsprechen, im Sinne der\u00a0<a title=\"WCAG Level AAA\" href=\"https:\/\/www.w3.org\/WAI\/WCAG22\/Understanding\/contrast-enhanced.html\" rel=\"nofollow noopener\" data-uw-rm-brl=\"PR\" data-uw-original-href=\"https:\/\/www.w3.org\/WAI\/WCAG22\/Understanding\/contrast-enhanced.html\" data-uw-original- target=\"_blank\">WCAG-Stufe AAA<\/a>.<\/p>\n<p>Die Website verwendet zudem eine automatisierte Technologie zur Barrierefreiheitsverbesserung (Automated Remediation Technology \u2013 ART), die allen Besuchern zur Verf\u00fcgung steht \u2013 unabh\u00e4ngig davon, ob sie unterst\u00fctzende Technologien nutzen oder nicht. ART erkennt keine unterst\u00fctzenden Technologien, sondern verbessert die Zug\u00e4nglichkeit f\u00fcr alle Nutzer durch\u00a0<a title=\"Overlay Capabilities Inventory\" href=\"https:\/\/a11yedge.github.io\/capabilities\/\" rel=\"nofollow noopener\" data-uw-rm-brl=\"PR\" data-uw-original-href=\"https:\/\/a11yedge.github.io\/capabilities\/\" data-uw-original- target=\"_blank\">technische Anpassungen<\/a>, z.\u202fB. (nicht abschlie\u00dfend):<\/p>\n<ul>\n<li>Grafiken und andere nicht-textuelle Elemente erhalten bei Bedarf Alternativtexte;<\/li>\n<li>Die Tastaturnavigation wird durch Fokusmarkierungen und Sprunglinks verbessert;<\/li>\n<\/ul>\n<p><strong>Kontaktieren Sie uns<\/strong><\/p>\n<p>Wir m\u00f6chten Ihre Nutzung unserer digitalen Angebote so reibungslos und inklusiv wie m\u00f6glich gestalten. Wenn Sie auf Barrierefreiheitsprobleme sto\u00dfen oder Informationen zu digitalen Barrierefreiheitsma\u00dfnahmen ben\u00f6tigen, freuen wir uns \u00fcber Ihre Nachricht! Ebenso sind Anregungen und Feedback zur Verbesserung unserer digitalen Barrierefreiheit stets willkommen.<\/p>\n<p><strong>Kontaktinformationen:<\/strong><\/p>\n<ul>\n<li>LipoClinic Dr. Heck GmbH<\/li>\n<li>E-Mail: <a href=\"mailto:info@lipo.clinic\">info@lipo.clinic<\/a><\/li>\n<\/ul>\n<p>Wir nehmen Barrierefreiheit ernst und melden uns zeitnah bei Ihnen zur\u00fcck.<\/p>\n","protected":false},"excerpt":{"rendered":"<p>LipoClinic Dr. Heck GmbH setzt sich daf\u00fcr ein, dass seine digitalen Angebote f\u00fcr Menschen mit Behinderungen zug\u00e4nglich sind. LipoClinic Dr. Heck GmbH\u00a0investiert erhebliche Ressourcen, um allen Nutzern \u2013 einschlie\u00dflich Menschen mit Behinderungen \u2013 den Zugang zu erm\u00f6glichen, aus der festen \u00dcberzeugung heraus, dass jeder Mensch das Recht hat, mit W\u00fcrde, Gleichberechtigung, Komfort und Unabh\u00e4ngigkeit zu [&hellip;]<\/p>\n","protected":false},"author":7,"featured_media":0,"parent":0,"menu_order":0,"comment_status":"closed","ping_status":"closed","template":"","meta":{"_acf_changed":false,"inline_featured_image":false,"footnotes":""},"class_list":["post-20263","page","type-page","status-publish","hentry"],"acf":[],"_links":{"self":[{"href":"https:\/\/www.lipo.clinic\/fr\/wp-json\/wp\/v2\/pages\/20263","targetHints":{"allow":["GET"]}}],"collection":[{"href":"https:\/\/www.lipo.clinic\/fr\/wp-json\/wp\/v2\/pages"}],"about":[{"href":"https:\/\/www.lipo.clinic\/fr\/wp-json\/wp\/v2\/types\/page"}],"author":[{"embeddable":true,"href":"https:\/\/www.lipo.clinic\/fr\/wp-json\/wp\/v2\/users\/7"}],"replies":[{"embeddable":true,"href":"https:\/\/www.lipo.clinic\/fr\/wp-json\/wp\/v2\/comments?post=20263"}],"version-history":[{"count":1,"href":"https:\/\/www.lipo.clinic\/fr\/wp-json\/wp\/v2\/pages\/20263\/revisions"}],"predecessor-version":[{"id":20265,"href":"https:\/\/www.lipo.clinic\/fr\/wp-json\/wp\/v2\/pages\/20263\/revisions\/20265"}],"wp:attachment":[{"href":"https:\/\/www.lipo.clinic\/fr\/wp-json\/wp\/v2\/media?parent=20263"}],"curies":[{"name":"wp","href":"https:\/\/api.w.org\/{rel}","templated":true}]}}