{"id":20271,"date":"2026-01-07T09:51:00","date_gmt":"2026-01-07T09:51:00","guid":{"rendered":"https:\/\/www.lipo.clinic\/conseil-de-groupe\/"},"modified":"2026-03-17T13:59:06","modified_gmt":"2026-03-17T13:59:06","slug":"conseil-de-groupe","status":"publish","type":"page","link":"https:\/\/www.lipo.clinic\/fr\/conseil-de-groupe\/","title":{"rendered":"Conseil de groupe"},"content":{"rendered":"\t\t<div data-elementor-type=\"wp-page\" data-elementor-id=\"20271\" class=\"elementor elementor-20271 elementor-19971\" data-elementor-post-type=\"page\">\n\t\t\t\t<div class=\"elementor-element elementor-element-eb021c8 e-flex e-con-boxed e-con e-parent\" data-id=\"eb021c8\" data-element_type=\"container\" data-e-type=\"container\">\n\t\t\t\t\t<div class=\"e-con-inner\">\n\t\t\t\t<div class=\"elementor-element elementor-element-f3fb894 elementor-widget elementor-widget-heading\" data-id=\"f3fb894\" data-element_type=\"widget\" data-e-type=\"widget\" data-widget_type=\"heading.default\">\n\t\t\t\t<div class=\"elementor-widget-container\">\n\t\t\t\t\t<h1 class=\"elementor-heading-title elementor-size-default\">Votre consultation \u00e0 la LipoClinic : rendue compr\u00e9hensible<\/h1>\t\t\t\t<\/div>\n\t\t\t\t<\/div>\n\t\t\t\t<div class=\"elementor-element elementor-element-8e096b2 elementor-widget elementor-widget-text-editor\" data-id=\"8e096b2\" data-element_type=\"widget\" data-e-type=\"widget\" data-widget_type=\"text-editor.default\">\n\t\t\t\t<div class=\"elementor-widget-container\">\n\t\t\t\t\t\t\t\t\t<p>De nombreuses patientes sont d&#8217;abord d\u00e9concert\u00e9es lorsqu&#8217;elles entendent parler pour la premi\u00e8re fois d&#8217;une <strong>consultation de groupe<\/strong> ou d&#8217;un <strong>entretien individuel<\/strong> sur le lip\u0153d\u00e8me. \u00c0 quoi dois-je m&#8217;attendre ? Puis-je poser des questions personnelles ? \u00c0 la <strong>LipoClinic<\/strong>, nous souhaitons dissiper cette incertitude &#8211; avec une offre qui allie informations m\u00e9dicales fond\u00e9es et accompagnement personnel.   <\/p><p>En tant que clinique sp\u00e9cialis\u00e9e dans le traitement du lip\u0153d\u00e8me, nous vous proposons un cadre prot\u00e9g\u00e9 pour aborder pr\u00e9cis\u00e9ment les points o\u00f9 l&#8217;incertitude r\u00e9gnait jusqu&#8217;\u00e0 pr\u00e9sent. Car vos questions m\u00e9ritent des r\u00e9ponses qui inspirent confiance. <\/p><p>Avec <strong>plus de 2 500 op\u00e9rations par an1<\/strong>et une approche globale alliant expertise m\u00e9dicale et accompagnement individuel, nous sommes \u00e0 vos c\u00f4t\u00e9s de la premi\u00e8re consultation au suivi postop\u00e9ratoire. Il en r\u00e9sulte une base fiable pour plus de s\u00e9curit\u00e9 et <strong>une nouvelle qualit\u00e9 de vie<\/strong>. <\/p>\t\t\t\t\t\t\t\t<\/div>\n\t\t\t\t<\/div>\n\t\t\t\t\t<\/div>\n\t\t\t\t<\/div>\n\t\t<div class=\"elementor-element elementor-element-2300581 e-flex e-con-boxed e-con e-parent\" data-id=\"2300581\" data-element_type=\"container\" data-e-type=\"container\">\n\t\t\t\t\t<div class=\"e-con-inner\">\n\t\t<div class=\"elementor-element elementor-element-c4c4428 e-con-full e-flex e-con e-child\" data-id=\"c4c4428\" data-element_type=\"container\" data-e-type=\"container\">\n\t\t<div class=\"elementor-element elementor-element-3dfd4fb e-con-full e-flex e-con e-child\" data-id=\"3dfd4fb\" data-element_type=\"container\" data-e-type=\"container\">\n\t\t\t\t<div class=\"elementor-element elementor-element-fbe0000 elementor-widget elementor-widget-heading\" data-id=\"fbe0000\" data-element_type=\"widget\" data-e-type=\"widget\" data-widget_type=\"heading.default\">\n\t\t\t\t<div class=\"elementor-widget-container\">\n\t\t\t\t\t<h2 class=\"elementor-heading-title elementor-size-default\">La LipoClinic place l'individu au centre de ses pr\u00e9occupations<\/h2>\t\t\t\t<\/div>\n\t\t\t\t<\/div>\n\t\t\t\t<div class=\"elementor-element elementor-element-1d979bb elementor-widget elementor-widget-text-editor\" data-id=\"1d979bb\" data-element_type=\"widget\" data-e-type=\"widget\" data-widget_type=\"text-editor.default\">\n\t\t\t\t<div class=\"elementor-widget-container\">\n\t\t\t\t\t\t\t\t\t<p>Que vous participiez \u00e0 une consultation de groupe ou que vous souhaitiez un entretien individuel : Nous sommes \u00e0 votre \u00e9coute. \u00c0 la LipoClinic, nous tenons \u00e0 ce que chaque patiente soit per\u00e7ue individuellement &#8211; avec ses questions, ses inqui\u00e9tudes et son histoire. Nos traitements ne sont pas uniquement bas\u00e9s sur l&#8217;expertise m\u00e9dicale, mais aussi sur le respect, l&#8217;empathie et une v\u00e9ritable \u00e9coute2.  <\/p><p><strong>Notre exp\u00e9rience le montre :<\/strong> Le traitement est bien plus qu&#8217;une simple intervention m\u00e9dicale. <a href=\"https:\/\/www.lipo.clinic\/fr\/lipoedeme-psychique\/\">Le lip\u0153d\u00e8me et le psychisme<\/a> vont souvent de pair &#8211; de nombreuses femmes vivent avec les deux. C&#8217;est pr\u00e9cis\u00e9ment pour cette raison qu&#8217;il faut une v\u00e9ritable compr\u00e9hension des d\u00e9fis physiques <strong>et<\/strong> psychologiques que les patientes viennent nous voir3. C&#8217;est pourquoi nous prenons \u00e9galement en compte <strong>les facteurs psychologiques<\/strong> qui favorisent un r\u00e9tablissement durable.  <\/p>\t\t\t\t\t\t\t\t<\/div>\n\t\t\t\t<\/div>\n\t\t\t\t<\/div>\n\t\t<div class=\"elementor-element elementor-element-90287ee e-con-full e-flex e-con e-child\" data-id=\"90287ee\" data-element_type=\"container\" data-e-type=\"container\" data-settings=\"{&quot;background_background&quot;:&quot;classic&quot;}\">\n\t\t\t\t<\/div>\n\t\t\t\t<\/div>\n\t\t\t\t<div class=\"elementor-element elementor-element-1764653 elementor-widget elementor-widget-heading\" data-id=\"1764653\" data-element_type=\"widget\" data-e-type=\"widget\" data-widget_type=\"heading.default\">\n\t\t\t\t<div class=\"elementor-widget-container\">\n\t\t\t\t\t<h2 class=\"elementor-heading-title elementor-size-default\">Qu'est-ce qui vous attend \u00e0 la LipoClinic Dr. Heck ?<\/h2>\t\t\t\t<\/div>\n\t\t\t\t<\/div>\n\t\t\t\t<div class=\"elementor-element elementor-element-cd7eda9 elementor-widget elementor-widget-text-editor\" data-id=\"cd7eda9\" data-element_type=\"widget\" data-e-type=\"widget\" data-widget_type=\"text-editor.default\">\n\t\t\t\t<div class=\"elementor-widget-container\">\n\t\t\t\t\t\t\t\t\t<p>Notre consultation est souvent le premier pas vers plus de clart\u00e9 &#8211; autour du th\u00e8me du <a href=\"https:\/\/www.lipo.clinic\/fr\/le-lipoedeme\/\">lip\u0153d\u00e8me<\/a>, des possibilit\u00e9s chirurgicales et de la vie avec la maladie.<\/p><p>Vous avez le choix : vous souhaitez participer \u00e0 une consultation de groupe avec d&#8217;autres patientes ou vous pr\u00e9f\u00e9rez un entretien individuel ? <strong>Les deux sont possibles<\/strong> et, dans les deux cas, votre situation individuelle est au centre de nos pr\u00e9occupations.<\/p><p>Votre journ\u00e9e de consultation commence par un<strong> entretien de groupe<\/strong> au cours duquel nous vous pr\u00e9sentons, avec d&#8217;autres personnes concern\u00e9es, des informations de base sur le lip\u0153d\u00e8me et les possibilit\u00e9s d&#8217;op\u00e9ration dans notre clinique. Vous recevrez un aper\u00e7u du contexte m\u00e9dical, du d\u00e9roulement de la liposuccion, des conditions importantes et des soins postop\u00e9ratoires. <\/p><p>Ensuite, vous aurez un<strong> entretien individuel prot\u00e9g\u00e9 et confidentiel <\/strong>avec le chirurgien traitant. Nous prenons le temps d&#8217;\u00e9couter votre histoire personnelle, votre situation physique et vos questions.   <\/p><p>L&#8217;un des grands avantages de notre consultation est que vous avez l&#8217;occasion de rencontrer et d&#8217;\u00e9changer avec d&#8217;autres personnes concern\u00e9es. Pour beaucoup de nos patientes, c&#8217;est la premi\u00e8re fois qu&#8217;elles rencontrent des femmes qui partagent la m\u00eame exp\u00e9rience.   <\/p>\t\t\t\t\t\t\t\t<\/div>\n\t\t\t\t<\/div>\n\t\t<div class=\"elementor-element elementor-element-fd8fea4 e-con-full e-flex e-con e-child\" data-id=\"fd8fea4\" data-element_type=\"container\" data-e-type=\"container\">\n\t\t<div class=\"elementor-element elementor-element-526c88c e-con-full e-flex e-con e-child\" data-id=\"526c88c\" data-element_type=\"container\" data-e-type=\"container\" data-settings=\"{&quot;background_background&quot;:&quot;classic&quot;}\">\n\t\t\t\t<\/div>\n\t\t<div class=\"elementor-element elementor-element-993b224 e-con-full e-flex e-con e-child\" data-id=\"993b224\" data-element_type=\"container\" data-e-type=\"container\">\n\t\t\t\t<div class=\"elementor-element elementor-element-a996bf4 elementor-widget elementor-widget-text-editor\" data-id=\"a996bf4\" data-element_type=\"widget\" data-e-type=\"widget\" data-widget_type=\"text-editor.default\">\n\t\t\t\t<div class=\"elementor-widget-container\">\n\t\t\t\t\t\t\t\t\t<p><strong>Voici ce que vous pouvez attendre de nous :<\/strong><\/p><ul><li>Une \u00e9quipe empathique et engag\u00e9e avec une longue exp\u00e9rience dans le traitement du lip\u0153d\u00e8me<\/li><li>Informations claires sur le lip\u0153d\u00e8me et les options de traitement chirurgical<\/li><li>Pr\u00e9sentation du processus chirurgical, y compris les soins postop\u00e9ratoires et le processus de gu\u00e9rison<\/li><li>Des conseils d&#8217;experts<\/li><li><strong>\u00c9change avec d&#8217;autres personnes concern\u00e9es<\/strong> afin de partager leurs exp\u00e9riences.<\/li><li><strong>Entretien personnel<\/strong> avec le m\u00e9decin pour discuter de votre situation individuelle<\/li><li>Du temps pour les questions confidentielles que vous ne souhaitez pas poser dans le groupe<\/li><\/ul><p> <\/p><p>Que vous ayez d\u00e9j\u00e0 un diagnostic ou que vous commenciez \u00e0 soup\u00e7onner <strong>des sympt\u00f4mes de lip\u0153d\u00e8me<\/strong>, nous vous accueillons avec franchise, exp\u00e9rience et respect.<\/p>\t\t\t\t\t\t\t\t<\/div>\n\t\t\t\t<\/div>\n\t\t\t\t<\/div>\n\t\t\t\t<\/div>\n\t\t\t\t<div class=\"elementor-element elementor-element-5e0c2ad elementor-widget elementor-widget-heading\" data-id=\"5e0c2ad\" data-element_type=\"widget\" data-e-type=\"widget\" data-widget_type=\"heading.default\">\n\t\t\t\t<div class=\"elementor-widget-container\">\n\t\t\t\t\t<h3 class=\"elementor-heading-title elementor-size-default\">N'ayez pas peur de la consultation de groupe - l'union fait la force<\/h3>\t\t\t\t<\/div>\n\t\t\t\t<\/div>\n\t\t\t\t<div class=\"elementor-element elementor-element-f557120 elementor-widget elementor-widget-text-editor\" data-id=\"f557120\" data-element_type=\"widget\" data-e-type=\"widget\" data-widget_type=\"text-editor.default\">\n\t\t\t\t<div class=\"elementor-widget-container\">\n\t\t\t\t\t\t\t\t\t<p>De nombreuses femmes arrivent \u00e0 la consultation de groupe avec un sentiment d&#8217;appr\u00e9hension &#8211; tout \u00e0 fait compr\u00e9hensible. Mais presque toutes repartent avec un <strong>sentiment de soulagement<\/strong>. Car pour la premi\u00e8re fois, beaucoup font l&#8217;exp\u00e9rience : <i>Je ne suis pas seule.<\/i> L&#8217;\u00e9change avec d&#8217;autres personnes ayant v\u00e9cu des exp\u00e9riences similaires peut \u00eatre incroyablement r\u00e9confortant.  <\/p><p>Notre consultation de groupe est bien plus qu&#8217;un expos\u00e9 m\u00e9dical. C&#8217;est un espace prot\u00e9g\u00e9 de <strong>rencontre<\/strong>, de <strong>compr\u00e9hension<\/strong> et <strong>d&#8217;information<\/strong>.   <\/p><p>Et ne vous inqui\u00e9tez pas : votre situation personnelle ne sera pas n\u00e9glig\u00e9e gr\u00e2ce \u00e0 l&#8217;entretien individuel qui suivra. Vous y trouverez de la place pour tout ce que vous ne souhaitez peut-\u00eatre pas partager avec le groupe. <\/p>\t\t\t\t\t\t\t\t<\/div>\n\t\t\t\t<\/div>\n\t\t\t\t<div class=\"elementor-element elementor-element-d982cee elementor-widget elementor-widget-heading\" data-id=\"d982cee\" data-element_type=\"widget\" data-e-type=\"widget\" data-widget_type=\"heading.default\">\n\t\t\t\t<div class=\"elementor-widget-container\">\n\t\t\t\t\t<h2 class=\"elementor-heading-title elementor-size-default\">Conseil en compression sur place<\/h2>\t\t\t\t<\/div>\n\t\t\t\t<\/div>\n\t\t\t\t<div class=\"elementor-element elementor-element-fb8423a elementor-widget elementor-widget-text-editor\" data-id=\"fb8423a\" data-element_type=\"widget\" data-e-type=\"widget\" data-widget_type=\"text-editor.default\">\n\t\t\t\t<div class=\"elementor-widget-container\">\n\t\t\t\t\t\t\t\t\t<p>Une <strong>compression<\/strong> bien ajust\u00e9e est un \u00e9l\u00e9ment important de tout <a href=\"https:\/\/www.lipo.clinic\/fr\/traitement-du-lipoedeme\/\">traitement global du lip\u0153d\u00e8me<\/a>. De nombreuses personnes concern\u00e9es connaissent le probl\u00e8me : des collants qui glissent, qui coupent ou qui ne sont tout simplement pas bien ajust\u00e9s et qui rendent la vie quotidienne plus difficile que facile. <\/p><p>Pour \u00e9viter d&#8217;en arriver l\u00e0, nous vous proposons sur les deux sites de la LipoClinic des conseils professionnels et empathiques en mati\u00e8re de compression. \u00c0 M\u00fclheim, <strong>Pia P\u00fcttmann<\/strong> se charge de la prise de mesures et de l&#8217;adaptation &#8211; avec une longue exp\u00e9rience, beaucoup de doigt\u00e9 et un regard exerc\u00e9 sur les besoins individuels de chaque patiente. \u00c0 Hambourg, nous travaillons en \u00e9troite collaboration avec le magasin de mat\u00e9riel m\u00e9dical <strong>motion center<\/strong>, \u00e9galement sp\u00e9cialis\u00e9 dans les soins de compression sur mesure, et qui prend le temps de donner des conseils pr\u00e9cis et minutieux.  <\/p><p>Nos conseils en mati\u00e8re de compression veillent \u00e0 ce que vos bas soient vraiment parfaitement adapt\u00e9s. En effet, les personnes qui portent quotidiennement des v\u00eatements de compression savent qu&#8217;ils doivent \u00eatre efficaces et agr\u00e9ables \u00e0 porter. Une prise de mesure pr\u00e9cise est donc une \u00e9tape importante pour se <strong>sentir plus \u00e0 l&#8217;aise au quotidien<\/strong> et bien pr\u00e9par\u00e9 \u00e0 l&#8217;intervention.  <\/p>\t\t\t\t\t\t\t\t<\/div>\n\t\t\t\t<\/div>\n\t\t<div class=\"elementor-element elementor-element-ad9cef1 e-con-full e-flex e-con e-child\" data-id=\"ad9cef1\" data-element_type=\"container\" data-e-type=\"container\">\n\t\t<div class=\"elementor-element elementor-element-811025a e-con-full e-flex e-con e-child\" data-id=\"811025a\" data-element_type=\"container\" data-e-type=\"container\">\n\t\t\t\t<div class=\"elementor-element elementor-element-5486bcf elementor-widget elementor-widget-heading\" data-id=\"5486bcf\" data-element_type=\"widget\" data-e-type=\"widget\" data-widget_type=\"heading.default\">\n\t\t\t\t<div class=\"elementor-widget-container\">\n\t\t\t\t\t<h2 class=\"elementor-heading-title elementor-size-default\">Vous avez des questions ? La LipoClinic est \u00e0 votre disposition <\/h2>\t\t\t\t<\/div>\n\t\t\t\t<\/div>\n\t\t\t\t<div class=\"elementor-element elementor-element-ded8a61 elementor-widget elementor-widget-text-editor\" data-id=\"ded8a61\" data-element_type=\"widget\" data-e-type=\"widget\" data-widget_type=\"text-editor.default\">\n\t\t\t\t<div class=\"elementor-widget-container\">\n\t\t\t\t\t\t\t\t\t<p>Vous souhaitez participer \u00e0 une consultation de groupe, vous recherchez un entretien individuel ou vous avez d&#8217;autres questions ? N&#8217;h\u00e9sitez pas \u00e0 nous contacter. Il vous suffit de remplir le <strong>formulaire de contact<\/strong> ci-joint. Notre \u00e9quipe vous contactera rapidement et r\u00e9pondra \u00e0 toutes vos questions concernant la prise de rendez-vous, le d\u00e9roulement ou la pr\u00e9paration.  <\/p><p>Si vous pr\u00e9f\u00e9rez nous parler en personne, vous pouvez \u00e9galement nous joindre par t\u00e9l\u00e9phone au <strong>+49 208 44 47 59 81<\/strong>.<\/p><p>Nous sommes impatients de vous rencontrer personnellement. Nous nous ferons un plaisir de vous accompagner pas \u00e0 pas dans le choix du traitement le plus adapt\u00e9 et sur le chemin d&#8217;une meilleure qualit\u00e9 de vie. <\/p>\t\t\t\t\t\t\t\t<\/div>\n\t\t\t\t<\/div>\n\t\t\t\t<\/div>\n\t\t<div class=\"elementor-element elementor-element-0ee5810 e-con-full e-flex e-con e-child\" data-id=\"0ee5810\" data-element_type=\"container\" data-e-type=\"container\" data-settings=\"{&quot;background_background&quot;:&quot;classic&quot;}\">\n\t\t\t\t<\/div>\n\t\t\t\t<\/div>\n\t\t\t\t<div class=\"elementor-element elementor-element-5e95ff6 elementor-widget elementor-widget-heading\" data-id=\"5e95ff6\" data-element_type=\"widget\" data-e-type=\"widget\" data-widget_type=\"heading.default\">\n\t\t\t\t<div class=\"elementor-widget-container\">\n\t\t\t\t\t<h2 class=\"elementor-heading-title elementor-size-default\">R\u00e9pertoire des sources<\/h2>\t\t\t\t<\/div>\n\t\t\t\t<\/div>\n\t\t\t\t<div class=\"elementor-element elementor-element-afbdf4f elementor-widget elementor-widget-text-editor\" data-id=\"afbdf4f\" data-element_type=\"widget\" data-e-type=\"widget\" data-widget_type=\"text-editor.default\">\n\t\t\t\t<div class=\"elementor-widget-container\">\n\t\t\t\t\t\t\t\t\t<p>1 LipoClinic Dr. Heck : Notre approche &#8211; &#8220;Traiter le lip\u0153d\u00e8me de mani\u00e8re globale et efficace&#8221;. Disponible sur <a href=\"https:\/\/www.lipo.clinic\/fr\/notre-approche\/?utm_source=chatgpt.com\">: https:\/\/www.lipo.clinic\/unser-ansatz\/<\/a><\/p><p>2 LipoClinic Dr. Heck : A propos de nous &#8211; &#8220;Votre sp\u00e9cialiste pour les traitements du lip\u0153d\u00e8me&#8221;. Disponible sur <a href=\"https:\/\/www.lipo.clinic\/fr\/qui-sommes-nous\/?utm_source=chatgpt.com\">: https:\/\/www.lipo.clinic\/ueber-uns-lipoedem\/<\/a><\/p><p>3 LipoClinic Dr. Heck : Lip\u0153d\u00e8me et psychisme &#8211; &#8220;Quand le corps et l&#8217;\u00e2me sont \u00e9galement touch\u00e9s&#8221;. Disponible sur <a href=\"https:\/\/www.lipo.clinic\/fr\/lipoedeme-psychique\/?utm_source=chatgpt.com\">: https:\/\/www.lipo.clinic\/lipoedem-psyche\/<\/a><\/p><p align=\"JUSTIFY\"> <\/p>\t\t\t\t\t\t\t\t<\/div>\n\t\t\t\t<\/div>\n\t\t\t\t\t<\/div>\n\t\t\t\t<\/div>\n\t\t\t\t<\/div>\n\t\t","protected":false},"excerpt":{"rendered":"<p>Votre consultation \u00e0 la LipoClinic : rendue compr\u00e9hensible De nombreuses patientes sont d&#8217;abord d\u00e9concert\u00e9es lorsqu&#8217;elles entendent parler pour la premi\u00e8re fois d&#8217;une consultation de groupe ou d&#8217;un entretien individuel sur le lip\u0153d\u00e8me. \u00c0 quoi dois-je m&#8217;attendre ? Puis-je poser des questions personnelles ? \u00c0 la LipoClinic, nous souhaitons dissiper cette incertitude &#8211; avec une offre [&hellip;]<\/p>\n","protected":false},"author":6,"featured_media":23426,"parent":0,"menu_order":0,"comment_status":"closed","ping_status":"closed","template":"elementor_header_footer","meta":{"_acf_changed":false,"inline_featured_image":false,"footnotes":""},"class_list":["post-20271","page","type-page","status-publish","has-post-thumbnail","hentry"],"acf":[],"_links":{"self":[{"href":"https:\/\/www.lipo.clinic\/fr\/wp-json\/wp\/v2\/pages\/20271","targetHints":{"allow":["GET"]}}],"collection":[{"href":"https:\/\/www.lipo.clinic\/fr\/wp-json\/wp\/v2\/pages"}],"about":[{"href":"https:\/\/www.lipo.clinic\/fr\/wp-json\/wp\/v2\/types\/page"}],"author":[{"embeddable":true,"href":"https:\/\/www.lipo.clinic\/fr\/wp-json\/wp\/v2\/users\/6"}],"replies":[{"embeddable":true,"href":"https:\/\/www.lipo.clinic\/fr\/wp-json\/wp\/v2\/comments?post=20271"}],"version-history":[{"count":6,"href":"https:\/\/www.lipo.clinic\/fr\/wp-json\/wp\/v2\/pages\/20271\/revisions"}],"predecessor-version":[{"id":23423,"href":"https:\/\/www.lipo.clinic\/fr\/wp-json\/wp\/v2\/pages\/20271\/revisions\/23423"}],"wp:featuredmedia":[{"embeddable":true,"href":"https:\/\/www.lipo.clinic\/fr\/wp-json\/wp\/v2\/media\/23426"}],"wp:attachment":[{"href":"https:\/\/www.lipo.clinic\/fr\/wp-json\/wp\/v2\/media?parent=20271"}],"curies":[{"name":"wp","href":"https:\/\/api.w.org\/{rel}","templated":true}]}}