{"id":4325,"date":"2023-01-05T16:17:10","date_gmt":"2023-01-05T16:17:10","guid":{"rendered":"http:\/\/20032023.lipo-clinic.events\/?page_id=4325"},"modified":"2026-01-27T07:23:28","modified_gmt":"2026-01-27T07:23:28","slug":"mentions-legales","status":"publish","type":"page","link":"https:\/\/www.lipo.clinic\/fr\/mentions-legales\/","title":{"rendered":"MENTIONS L\u00c9GALES"},"content":{"rendered":"<p><strong>INFORMATIONS OBLIGATOIRES SELON LE \u00a7 5 DE LA LOI ALLEMANDE SUR LES T\u00c9L\u00c9M\u00c9DIAS<\/strong><\/p>\n<p>LipoClinic Dr. Heck GmbH<br \/>\nG\u00e9rants autoris\u00e9s \u00e0 repr\u00e9senter individuellement la soci\u00e9t\u00e9 : Markus Bonschek et Alexander Huyeng<br \/>\nZeppelinstr. 321<br \/>\n45470 M\u00fclheim an der Ruhr <\/p>\n<p>T\u00e9l. : <a href=\"tel:+4920844475981\">+49 208 44 47 59-81<\/a><br \/>\nFax : <a href=\"tel:%20+4920844475983\">+49 208 44 47 59-83<\/a><\/p>\n<p>Internet : <a href=\"https:\/\/www.lipo.clinic\/fr\/\">www.lipo.clinic<\/a><br \/>\nMail : <a href=\"mailto:info@lipo.clinic\">info@lipo.clinic<\/a><\/p>\n<p><strong>Inscription au registre du commerce<\/strong><\/p>\n<p>Tribunal d&#8217;enregistrement : Tribunal d&#8217;instance de Duisburg<br \/>\nNum\u00e9ro d&#8217;enregistrement : HRB 30726<\/p>\n<p><strong>Num\u00e9ro de TVA<\/strong><\/p>\n<p>Num\u00e9ro d&#8217;identification de la taxe sur le chiffre d&#8217;affaires conform\u00e9ment au \u00a7 27 a de la loi sur la taxe sur le chiffre d&#8217;affaires :<br \/>\nDE329159638<\/p>\n<p><strong>Ordre des m\u00e9decins comp\u00e9tent Rh\u00e9nanie-du-Nord :<\/strong><\/p>\n<p>\u00c4rztekammer Nordrhein<br \/>\nCorporation de droit public<br \/>\nTersteegenstr. 9<br \/>\n40474 D\u00fcsseldorf<br \/>\n<a href=\"http:\/\/www.aekno.de\/\" rel=\"nofollow noopener\" target=\"_blank\">www.aekno.de<\/a><\/p>\n<p><strong>Ordre des m\u00e9decins comp\u00e9tent Hambourg :<\/strong><\/p>\n<p>\u00c4rztekammer Hamburg<br \/>\nWeidestra\u00dfe 122 b<br \/>\n22083 Hamburg<br \/>\nE-mail : post@aekhh.de<\/p>\n<p><strong>Autorit\u00e9s de contr\u00f4le<\/strong><\/p>\n<p>En <strong>Rh\u00e9nanie-du-Nord-Westphalie :<\/strong><br \/>\nSurveillance des h\u00f4pitaux conform\u00e9ment au \u00a7 11 de la KHGG NRW<br \/>\nL&#8217;autorit\u00e9 de surveillance inf\u00e9rieure est la ville de M\u00fclheim an der Ruhr, Gesundheitsamt, Heinrich-Melzer-Str. 3, 45468 M\u00fclheim<br \/>\nParall\u00e8lement, inspection du travail conform\u00e9ment au \u00a7 30 de la GewO<br \/>\nL&#8217;autorit\u00e9 de surveillance sup\u00e9rieure est le Bezirksregierung D\u00fcsseldorf<br \/>\nCecilienallee 2, 40474 D\u00fcsseldorf<br \/>\nT\u00e9l\u00e9phone : 0211 4 57-0<br \/>\nT\u00e9l\u00e9copieur : 0211 4 75-26 71<br \/>\nE-mail : poststelle@brd.nrw.de   <\/p>\n<p>L&#8217;autorit\u00e9 de contr\u00f4le supr\u00eame est le minist\u00e8re du Travail,<br \/>\nSant\u00e9 et Affaires sociales du Land de Rh\u00e9nanie du Nord-Westphalie<br \/>\nF\u00fcrstenwall 25, 40219 D\u00fcsseldorf<br \/>\nT\u00e9l\u00e9phone : 0211 8 55 &#8211; 5<\/p>\n<p>A <strong>Hambourg<\/strong>:<br \/>\nEn ce qui concerne la supervision de l&#8217;hygi\u00e8ne infectieuse ainsi que la supervision des h\u00f4pitaux conform\u00e9ment \u00e0 la loi sur la sant\u00e9 publique, le minist\u00e8re de la Sant\u00e9 et des Affaires sociales est responsable de l&#8217;application de la loi. \u00a7 5, 1 HmbKHG<br \/>\nBezirksamt Altona ; Fachamt Gesundheit ; Infektionsschutz, Kommunalhygiene und Medizinalwesen ; Bahrenfelder Stra\u00dfe 254-260 ;<br \/>\n22765 Hambourg<\/p>\n<p>Surveillance sp\u00e9cialis\u00e9e<br \/>\nBeh\u00f6rde f\u00fcr Arbeit, Gesundheit, Soziales, Familie und Integration<br \/>\nBillstra\u00dfe 80, 20539 Hamburg<br \/>\nT\u00e9l\u00e9phone : 040 4 28 47-21 84<br \/>\nParall\u00e8lement, inspection du travail gem. \u00a7 30 du code de l\u2019industrie et de l\u2019artisanat (GewO)<\/p>\n<p><strong>Contacter le responsable de la s\u00e9curit\u00e9 des produits m\u00e9dicaux:<\/strong><br \/>\n<a href=\"mailto:Medizinproduktesicherheit@lipo.clinic\">Medizinproduktesicherheit@lipo.clinic<\/a><\/p>\n<p><strong>Titre l\u00e9gal de la profession<\/strong><\/p>\n<p><strong>M\u00e9decin<\/strong><\/p>\n<p>Autorisation de pratiquer d\u00e9livr\u00e9e en R\u00e9publique f\u00e9d\u00e9rale d\u2019Allemagne <a href=\"https:\/\/www.aekno.de\/aerzte\/gesetze-verordnungen\/heilberufsgesetz-nrw\" rel=\"nofollow noopener\" target=\"_blank\">Berufsordnung f\u00fcr die nordrheinischen \u00c4rztinnen und \u00c4rzte Heilberufsgesetz NRW (HeilBerg)<\/a><\/p>\n<p><strong>Conciliation<\/strong><\/p>\n<p>La Commission Europ\u00e9enne met \u00e0 disposition une plateforme pour le r\u00e8glement en ligne des litiges : <a href=\"https:\/\/ec.europa.eu\/consumers\/odr\" rel=\"nofollow noopener\" target=\"_blank\">https:\/\/ec.europa.eu\/consumers\/odr.<\/a> Nous ne sommes pas dispos\u00e9s \u00e0 participer \u00e0 des proc\u00e9dures de r\u00e8glement des litiges devant une commission d\u2019arbitrage en mati\u00e8re de consommation, ni tenus de le faire.<\/p>\n<p><strong>Responsabilit\u00e9<\/strong><\/p>\n<p>Nous sommes responsables des contenus de nos pages web conform\u00e9ment aux lois g\u00e9n\u00e9rales, en particulier selon le \u00a7 7, alin\u00e9a 1 de la loi allemande sur les t\u00e9l\u00e9m\u00e9dias. Tous les contenus sont \u00e9labor\u00e9s avec le plus grand soin et en toute bonne foi. ans la mesure o\u00f9 nous renvoyons sur notre site web \u00e0 des pages Internet de tiers au moyen d\u2019hyperliens, nous ne pouvons pas garantir l\u2019actualit\u00e9, l\u2019exactitude et l\u2019exhaustivit\u00e9 des contenus li\u00e9s, car ces contenus ne rel\u00e8vent pas de notre responsabilit\u00e9 et nous n\u2019avons aucune influence sur leur conception future. Si vous estimez que des contenus enfreignent la l\u00e9gislation en vigueur ou qu\u2019ils sont inappropri\u00e9s, veuillez nous en informer.<\/p>\n<p><strong>Droit d\u2019auteur<\/strong><\/p>\n<p>Les contenus et les \u0153uvres cr\u00e9\u00e9s par l\u2019exploitant du site web et figurant sur ces pages sont soumis au droit d\u2019auteur allemand. a reproduction, l\u2019\u00e9dition, la diffusion et toute sorte d\u2019utilisation d\u00e9passant les limites du droit d\u2019auteur n\u00e9cessitent l\u2019accord \u00e9crit de l\u2019auteur ou du cr\u00e9ateur respectif. Les t\u00e9l\u00e9chargements et les copies de ce site ne sont autoris\u00e9s qu&#8217;\u00e0 des fins priv\u00e9es et non commerciales.<br \/>\nDans la mesure o\u00f9 les contenus de ce site n&#8217;ont pas \u00e9t\u00e9 cr\u00e9\u00e9s par l&#8217;exploitant, les droits d&#8217;auteur de tiers sont respect\u00e9s. Les contenus de tiers sont notamment identifi\u00e9s comme tels. Si vous deviez n\u00e9anmoins constater une violation des droits d\u2019auteur, nous vous prions de nous en informer. D\u00e8s que nous aurons connaissance d\u2019une violation de la loi, nous supprimerons imm\u00e9diatement de tels contenus.<\/p>\n<p><strong>Droits de reproduction graphique\/cr\u00e9dits photo<\/strong><\/p>\n<p>Photos ( portraits): <a href=\"https:\/\/andiwerner.com\" target=\"_blank\" rel=\"noreferrer noopener nofollow\">Andi Werner<\/a><\/p>\n","protected":false},"excerpt":{"rendered":"<p>INFORMATIONS OBLIGATOIRES SELON LE \u00a7 5 DE LA LOI ALLEMANDE SUR LES T\u00c9L\u00c9M\u00c9DIAS LipoClinic Dr. Heck GmbH G\u00e9rants autoris\u00e9s \u00e0 repr\u00e9senter individuellement la soci\u00e9t\u00e9 : Markus Bonschek et Alexander Huyeng Zeppelinstr. 321 45470 M\u00fclheim an der Ruhr T\u00e9l. : +49 208 44 47 59-81 Fax : +49 208 44 47 59-83 Internet : www.lipo.clinic Mail [&hellip;]<\/p>\n","protected":false},"author":1,"featured_media":4450,"parent":0,"menu_order":0,"comment_status":"closed","ping_status":"closed","template":"","meta":{"_acf_changed":false,"inline_featured_image":false,"footnotes":""},"class_list":["post-4325","page","type-page","status-publish","has-post-thumbnail","hentry"],"acf":[],"_links":{"self":[{"href":"https:\/\/www.lipo.clinic\/fr\/wp-json\/wp\/v2\/pages\/4325","targetHints":{"allow":["GET"]}}],"collection":[{"href":"https:\/\/www.lipo.clinic\/fr\/wp-json\/wp\/v2\/pages"}],"about":[{"href":"https:\/\/www.lipo.clinic\/fr\/wp-json\/wp\/v2\/types\/page"}],"author":[{"embeddable":true,"href":"https:\/\/www.lipo.clinic\/fr\/wp-json\/wp\/v2\/users\/1"}],"replies":[{"embeddable":true,"href":"https:\/\/www.lipo.clinic\/fr\/wp-json\/wp\/v2\/comments?post=4325"}],"version-history":[{"count":6,"href":"https:\/\/www.lipo.clinic\/fr\/wp-json\/wp\/v2\/pages\/4325\/revisions"}],"predecessor-version":[{"id":20226,"href":"https:\/\/www.lipo.clinic\/fr\/wp-json\/wp\/v2\/pages\/4325\/revisions\/20226"}],"wp:featuredmedia":[{"embeddable":true,"href":"https:\/\/www.lipo.clinic\/fr\/wp-json\/wp\/v2\/media\/4450"}],"wp:attachment":[{"href":"https:\/\/www.lipo.clinic\/fr\/wp-json\/wp\/v2\/media?parent=4325"}],"curies":[{"name":"wp","href":"https:\/\/api.w.org\/{rel}","templated":true}]}}