{"id":4622,"date":"2025-11-06T08:29:41","date_gmt":"2025-11-06T08:29:41","guid":{"rendered":"http:\/\/20032023.lipo-clinic.events\/qui-sommes-nous\/"},"modified":"2026-04-08T11:10:28","modified_gmt":"2026-04-08T11:10:28","slug":"qui-sommes-nous","status":"publish","type":"page","link":"https:\/\/www.lipo.clinic\/fr\/qui-sommes-nous\/","title":{"rendered":"Qui sommes-nous"},"content":{"rendered":"\t\t<div data-elementor-type=\"wp-page\" data-elementor-id=\"4622\" class=\"elementor elementor-4622 elementor-162\" data-elementor-post-type=\"page\">\n\t\t\t\t<div class=\"elementor-element elementor-element-fd4ead1 e-con-full e-flex e-con e-parent\" data-id=\"fd4ead1\" data-element_type=\"container\" data-e-type=\"container\">\n\t\t<div class=\"elementor-element elementor-element-0f1893a e-con-full e-flex e-con e-child\" data-id=\"0f1893a\" data-element_type=\"container\" data-e-type=\"container\">\n\t\t\t\t<div class=\"elementor-element elementor-element-473818a elementor-widget elementor-widget-heading\" data-id=\"473818a\" data-element_type=\"widget\" data-e-type=\"widget\" data-widget_type=\"heading.default\">\n\t\t\t\t<div class=\"elementor-widget-container\">\n\t\t\t\t\t<h1 class=\"elementor-heading-title elementor-size-default\">LipoClinic Dr. Heck - Pionniers dans le traitement efficace du lip\u0153d\u00e8me<\/h1>\t\t\t\t<\/div>\n\t\t\t\t<\/div>\n\t\t\t\t<\/div>\n\t\t<div class=\"elementor-element elementor-element-fd7c161 e-con-full e-flex e-con e-child\" data-id=\"fd7c161\" data-element_type=\"container\" data-e-type=\"container\">\n\t\t\t\t<div class=\"elementor-element elementor-element-b762837 elementor-widget elementor-widget-text-editor\" data-id=\"b762837\" data-element_type=\"widget\" data-e-type=\"widget\" data-widget_type=\"text-editor.default\">\n\t\t\t\t<div class=\"elementor-widget-container\">\n\t\t\t\t\t\t\t\t\t<p>La LipoClinic Dr. Heck est leader mondial dans le diagnostic et le traitement chirurgical du lip\u0153d\u00e8me et s\u2019engage pour une recherche intensive dans la maladie du lip\u0153d\u00e8me. Gr\u00e2ce aux standards op\u00e9ratoires d\u00e9velopp\u00e9s par Dr. Heck, cliniquement \u00e9prouv\u00e9s et scientifiquement document\u00e9s, nos m\u00e9decins sp\u00e9cialis\u00e9s procurent un <a href=\"https:\/\/www.lipo.clinic\/das-lipodem\/#therapie\">traitement du lip\u0153d\u00e8me s\u00fbr et efficace au long terme<\/a>.<\/p><p>Outre <a href=\"https:\/\/www.lipo.clinic\/fr\/nos-cliniques\/#op\">l\u2019op\u00e9ration proprement<\/a> dite, un <a href=\"https:\/\/www.lipo.clinic\/fr\/lequipe\/#aerzte\">conseil personnalis\u00e9<\/a> et un encadrement postop\u00e9ratoire individuel promouvant un mode de vie actif ainsi qu\u2019une alimentation saine et le plaisir de bouger sont consid\u00e9r\u00e9s, \u00e0 la LipoClinic, comme essentiels pour la r\u00e9ussite du traitement. Sur la base de cette approche holistique, la LipoClinic permet \u00e0 des femmes du monde entier de se sentir de nouveau bien dans leur peau autant au niveau psychique qu\u2019au niveau physique, ainsi que de profiter d\u2019une vie nettement all\u00e9g\u00e9e en douleurs.<\/p>\t\t\t\t\t\t\t\t<\/div>\n\t\t\t\t<\/div>\n\t\t\t\t<\/div>\n\t\t\t\t<\/div>\n\t\t<section class=\"elementor-element elementor-element-fbc963d e-con-full e-flex e-con e-parent\" data-id=\"fbc963d\" data-element_type=\"container\" data-e-type=\"container\" data-settings=\"{&quot;background_background&quot;:&quot;classic&quot;}\">\n\t\t\t\t<div class=\"elementor-element elementor-element-5701cb2 elementor-widget elementor-widget-heading\" data-id=\"5701cb2\" data-element_type=\"widget\" data-e-type=\"widget\" data-widget_type=\"heading.default\">\n\t\t\t\t<div class=\"elementor-widget-container\">\n\t\t\t\t\t<span class=\"elementor-heading-title elementor-size-default\">Gr\u00e2ce \u00e0 un diagnostic \u00e0 temps et un traitement ad\u00e9quat, toute femme atteinte du lip\u0153d\u00e8me peut retrouver une vie agr\u00e9able et soulag\u00e9e de souffrances physiques et psychiques.<\/span>\t\t\t\t<\/div>\n\t\t\t\t<\/div>\n\t\t\t\t<\/section>\n\t\t<section class=\"elementor-element elementor-element-31ac66e e-con-full e-flex e-con e-parent\" data-id=\"31ac66e\" data-element_type=\"container\" data-e-type=\"container\">\n\t\t\t\t<\/section>\n\t\t<section class=\"elementor-element elementor-element-99dc664 e-con-full e-flex e-con e-parent\" data-id=\"99dc664\" data-element_type=\"container\" data-e-type=\"container\">\n\t\t<div class=\"elementor-element elementor-element-8a88933 e-con-full e-flex e-con e-child\" data-id=\"8a88933\" data-element_type=\"container\" data-e-type=\"container\">\n\t\t\t\t<div class=\"elementor-element elementor-element-79b1b0d stickyhead elementor-widget elementor-widget-heading\" data-id=\"79b1b0d\" data-element_type=\"widget\" data-e-type=\"widget\" data-widget_type=\"heading.default\">\n\t\t\t\t<div class=\"elementor-widget-container\">\n\t\t\t\t\t<h2 class=\"elementor-heading-title elementor-size-default\">R\u00e9duction des douleurs et des souffrances psychiques<\/h2>\t\t\t\t<\/div>\n\t\t\t\t<\/div>\n\t\t\t\t<\/div>\n\t\t<div class=\"elementor-element elementor-element-6529792 e-con-full e-flex e-con e-child\" data-id=\"6529792\" data-element_type=\"container\" data-e-type=\"container\">\n\t\t\t\t<div class=\"elementor-element elementor-element-eab8f5f elementor-widget elementor-widget-heading\" data-id=\"eab8f5f\" data-element_type=\"widget\" data-e-type=\"widget\" data-widget_type=\"heading.default\">\n\t\t\t\t<div class=\"elementor-widget-container\">\n\t\t\t\t\t<h3 class=\"elementor-heading-title elementor-size-default\">NOS VALEURS<\/h3>\t\t\t\t<\/div>\n\t\t\t\t<\/div>\n\t\t\t\t<div class=\"elementor-element elementor-element-7102ecd elementor-widget elementor-widget-text-editor\" data-id=\"7102ecd\" data-element_type=\"widget\" data-e-type=\"widget\" data-widget_type=\"text-editor.default\">\n\t\t\t\t<div class=\"elementor-widget-container\">\n\t\t\t\t\t\t\t\t\t<p><strong>De longues ann\u00e9es d\u2019exp\u00e9rience<\/strong><\/p><p>Notre \u00e9quipe de m\u00e9decins et le personnel m\u00e9dical de toutes nos cliniques disposent d\u2019une <a href=\"https:\/\/www.lipo.clinic\/fr\/notre-approche\/#erfahrung\">exp\u00e9rience<\/a> clinique pratique de longues ann\u00e9es dans le diagnostic et le traitement du lip\u0153d\u00e8me.<\/p>\t\t\t\t\t\t\t\t<\/div>\n\t\t\t\t<\/div>\n\t\t\t\t<div class=\"elementor-element elementor-element-3567dc7 elementor-widget elementor-widget-text-editor\" data-id=\"3567dc7\" data-element_type=\"widget\" data-e-type=\"widget\" data-widget_type=\"text-editor.default\">\n\t\t\t\t<div class=\"elementor-widget-container\">\n\t\t\t\t\t\t\t\t\t<p class=\"p1\"><strong>Une optimisation syst\u00e9matique<\/strong><\/p><p>Nous documentons scientifiquement, contr\u00f4lons et perfectionnons continuellement les standards d\u2019op\u00e9ration d\u2019effets durables d\u00e9velopp\u00e9s par Dr. Heck m\u00eame.<\/p>\t\t\t\t\t\t\t\t<\/div>\n\t\t\t\t<\/div>\n\t\t\t\t<div class=\"elementor-element elementor-element-5befb6d elementor-widget elementor-widget-text-editor\" data-id=\"5befb6d\" data-element_type=\"widget\" data-e-type=\"widget\" data-widget_type=\"text-editor.default\">\n\t\t\t\t<div class=\"elementor-widget-container\">\n\t\t\t\t\t\t\t\t\t<p class=\"p1\"><strong>Un effet prouv\u00e9<\/strong><\/p><p>La m\u00e9thode d\u2019op\u00e9ration \u00ab WAL \u00bb (liposuccion assist\u00e9e par hydrojet) \u00e9prouv\u00e9e apporte g\u00e9n\u00e9ralement d\u2019excellents r\u00e9sultats pour un faible taux de complications.<\/p>\t\t\t\t\t\t\t\t<\/div>\n\t\t\t\t<\/div>\n\t\t\t\t<div class=\"elementor-element elementor-element-f37d003 elementor-widget elementor-widget-text-editor\" data-id=\"f37d003\" data-element_type=\"widget\" data-e-type=\"widget\" data-widget_type=\"text-editor.default\">\n\t\t\t\t<div class=\"elementor-widget-container\">\n\t\t\t\t\t\t\t\t\t<p class=\"p1\"><strong>Une reconnaissance au niveau mondial<\/strong><\/p><p>Nous sensibilisons la soci\u00e9t\u00e9 sur la souffrance corporelle et psychique des personnes concern\u00e9es, nous nous engageons pour la <a href=\"https:\/\/www.lipo.clinic\/fr\/notre-approche\/#anerkennung\">reconnaissance du lip\u0153d\u00e8me<\/a> comme maladie et pour le combattre dans le monde entier.<\/p>\t\t\t\t\t\t\t\t<\/div>\n\t\t\t\t<\/div>\n\t\t\t\t<div class=\"elementor-element elementor-element-e46da64 elementor-widget elementor-widget-text-editor\" data-id=\"e46da64\" data-element_type=\"widget\" data-e-type=\"widget\" data-widget_type=\"text-editor.default\">\n\t\t\t\t<div class=\"elementor-widget-container\">\n\t\t\t\t\t\t\t\t\t<p class=\"p1\"><strong>Un traitement holistique<\/strong><\/p><p>Nos patientes sont trait\u00e9es avec respect et empathie et gardent le m\u00eame interlocuteur ou la m\u00eame interlocutrice tout au long des traitements. Nous travaillons selon une approche holistique en prodiguant un conseil, des traitements et un suivi th\u00e9rapeutique individuels.<\/p>\t\t\t\t\t\t\t\t<\/div>\n\t\t\t\t<\/div>\n\t\t\t\t<div class=\"elementor-element elementor-element-237adf5 elementor-widget elementor-widget-text-editor\" data-id=\"237adf5\" data-element_type=\"widget\" data-e-type=\"widget\" data-widget_type=\"text-editor.default\">\n\t\t\t\t<div class=\"elementor-widget-container\">\n\t\t\t\t\t\t\t\t\t<p class=\"p1\"><strong>Une expertise de pointe<\/strong><\/p><p>Pionniers du <a href=\"https:\/\/www.lipo.clinic\/das-lipodem\/#therapie\">traitement chirurgical du lip\u0153d\u00e8me<\/a>, nous sommes leader mondial, avec plus de 2 500 op\u00e9rations r\u00e9ussies chaque ann\u00e9e.<\/p>\t\t\t\t\t\t\t\t<\/div>\n\t\t\t\t<\/div>\n\t\t\t\t<\/div>\n\t\t\t\t<\/section>\n\t\t\t\t<\/div>\n\t\t","protected":false},"excerpt":{"rendered":"<p>LipoClinic Dr. Heck &#8211; Pionniers dans le traitement efficace du lip\u0153d\u00e8me La LipoClinic Dr. Heck est leader mondial dans le diagnostic et le traitement chirurgical du lip\u0153d\u00e8me et s\u2019engage pour une recherche intensive dans la maladie du lip\u0153d\u00e8me. Gr\u00e2ce aux standards op\u00e9ratoires d\u00e9velopp\u00e9s par Dr. Heck, cliniquement \u00e9prouv\u00e9s et scientifiquement document\u00e9s, nos m\u00e9decins sp\u00e9cialis\u00e9s procurent [&hellip;]<\/p>\n","protected":false},"author":1,"featured_media":4522,"parent":0,"menu_order":0,"comment_status":"closed","ping_status":"closed","template":"","meta":{"_acf_changed":false,"inline_featured_image":false,"footnotes":""},"class_list":["post-4622","page","type-page","status-publish","has-post-thumbnail","hentry"],"acf":[],"_links":{"self":[{"href":"https:\/\/www.lipo.clinic\/fr\/wp-json\/wp\/v2\/pages\/4622","targetHints":{"allow":["GET"]}}],"collection":[{"href":"https:\/\/www.lipo.clinic\/fr\/wp-json\/wp\/v2\/pages"}],"about":[{"href":"https:\/\/www.lipo.clinic\/fr\/wp-json\/wp\/v2\/types\/page"}],"author":[{"embeddable":true,"href":"https:\/\/www.lipo.clinic\/fr\/wp-json\/wp\/v2\/users\/1"}],"replies":[{"embeddable":true,"href":"https:\/\/www.lipo.clinic\/fr\/wp-json\/wp\/v2\/comments?post=4622"}],"version-history":[{"count":8,"href":"https:\/\/www.lipo.clinic\/fr\/wp-json\/wp\/v2\/pages\/4622\/revisions"}],"predecessor-version":[{"id":23617,"href":"https:\/\/www.lipo.clinic\/fr\/wp-json\/wp\/v2\/pages\/4622\/revisions\/23617"}],"wp:featuredmedia":[{"embeddable":true,"href":"https:\/\/www.lipo.clinic\/fr\/wp-json\/wp\/v2\/media\/4522"}],"wp:attachment":[{"href":"https:\/\/www.lipo.clinic\/fr\/wp-json\/wp\/v2\/media?parent=4622"}],"curies":[{"name":"wp","href":"https:\/\/api.w.org\/{rel}","templated":true}]}}