{"id":4626,"date":"2025-10-25T14:09:45","date_gmt":"2025-10-25T14:09:45","guid":{"rendered":"http:\/\/20032023.lipo-clinic.events\/evenements\/"},"modified":"2025-11-26T11:10:41","modified_gmt":"2025-11-26T11:10:41","slug":"evenements","status":"publish","type":"page","link":"https:\/\/www.lipo.clinic\/fr\/evenements\/","title":{"rendered":"\u00c9v\u00e8nements"},"content":{"rendered":"\t\t<div data-elementor-type=\"wp-page\" data-elementor-id=\"4626\" class=\"elementor elementor-4626 elementor-1462\" data-elementor-post-type=\"page\">\n\t\t\t\t<section class=\"elementor-element elementor-element-572b8c3 e-con-full e-flex e-con e-parent\" data-id=\"572b8c3\" data-element_type=\"container\" data-e-type=\"container\">\n\t\t\t\t<div class=\"elementor-element elementor-element-3fd37d6 elementor-widget elementor-widget-heading\" data-id=\"3fd37d6\" data-element_type=\"widget\" data-e-type=\"widget\" data-widget_type=\"heading.default\">\n\t\t\t\t<div class=\"elementor-widget-container\">\n\t\t\t\t\t<h2 class=\"elementor-heading-title elementor-size-default\">LipoClinic: Informations, \u00e9changes et rencontres<\/h2>\t\t\t\t<\/div>\n\t\t\t\t<\/div>\n\t\t\t\t<div class=\"elementor-element elementor-element-203815a elementor-widget elementor-widget-text-editor\" data-id=\"203815a\" data-element_type=\"widget\" data-e-type=\"widget\" data-widget_type=\"text-editor.default\">\n\t\t\t\t<div class=\"elementor-widget-container\">\n\t\t\t\t\t\t\t\t\t<p>Nos \u00e9v\u00e9nements vous permettent de d\u00e9couvrir la LipoClinic Dr. Heck. Que ce soit les LipoTalks, les journ\u00e9es portes ouvertes ou les s\u00e9ances d&#8217;information, venez d\u00e9couvrir des informations int\u00e9ressantes sur le lip\u0153d\u00e8me, les possibilit\u00e9s de traitement modernes et faire connaissance avec notre \u00e9quipe.<\/p><p>Profitez de cette occasion pour \u00e9changer, poser vos questions et obtenir des informations pr\u00e9cieuses de premi\u00e8re main.<\/p><p><strong>Prochains rendez-vous<\/strong><\/p>\t\t\t\t\t\t\t\t<\/div>\n\t\t\t\t<\/div>\n\t\t<div class=\"elementor-element elementor-element-96d2869 e-con-full e-flex e-con e-child\" data-id=\"96d2869\" data-element_type=\"container\" data-e-type=\"container\">\n\t\t\t\t<div class=\"elementor-element elementor-element-0d061a0 elementor-widget elementor-widget-html\" data-id=\"0d061a0\" data-element_type=\"widget\" data-e-type=\"widget\" data-widget_type=\"html.default\">\n\t\t\t\t<div class=\"elementor-widget-container\">\n\t\t\t\t\t<!-- Elfsight Event Calendar | LipoClinic Events (FR) -->\r\n<script src=\"https:\/\/elfsightcdn.com\/platform.js\" async><\/script>\r\n<div class=\"elfsight-app-26cc6907-cf46-4311-93f9-8ff24c1e0dba\" data-elfsight-app-lazy><\/div>\t\t\t\t<\/div>\n\t\t\t\t<\/div>\n\t\t\t\t<\/div>\n\t\t<div class=\"elementor-element elementor-element-c195872 e-con-full e-flex e-con e-child\" data-id=\"c195872\" data-element_type=\"container\" data-e-type=\"container\">\n\t\t\t\t<div class=\"elementor-element elementor-element-417a3c4 elementor-widget elementor-widget-heading\" data-id=\"417a3c4\" data-element_type=\"widget\" data-e-type=\"widget\" data-widget_type=\"heading.default\">\n\t\t\t\t<div class=\"elementor-widget-container\">\n\t\t\t\t\t<h1 class=\"elementor-heading-title elementor-size-default\">FAQ <\/h1>\t\t\t\t<\/div>\n\t\t\t\t<\/div>\n\t\t\t\t<div class=\"elementor-element elementor-element-b994447 accordion elementor-widget elementor-widget-accordion\" data-id=\"b994447\" data-element_type=\"widget\" data-e-type=\"widget\" data-widget_type=\"accordion.default\">\n\t\t\t\t<div class=\"elementor-widget-container\">\n\t\t\t\t\t\t\t<div class=\"elementor-accordion\">\n\t\t\t\t\t\t\t<div class=\"elementor-accordion-item\">\n\t\t\t\t\t<div id=\"elementor-tab-title-1941\" class=\"elementor-tab-title\" data-tab=\"1\" role=\"button\" aria-controls=\"elementor-tab-content-1941\" aria-expanded=\"false\">\n\t\t\t\t\t\t\t\t\t\t\t\t\t<span class=\"elementor-accordion-icon elementor-accordion-icon-right\" aria-hidden=\"true\">\n\t\t\t\t\t\t\t\t\t\t\t\t\t\t\t<span class=\"elementor-accordion-icon-closed\"><svg class=\"e-font-icon-svg e-fas-chevron-down\" viewBox=\"0 0 448 512\" xmlns=\"http:\/\/www.w3.org\/2000\/svg\"><path d=\"M207.029 381.476L12.686 187.132c-9.373-9.373-9.373-24.569 0-33.941l22.667-22.667c9.357-9.357 24.522-9.375 33.901-.04L224 284.505l154.745-154.021c9.379-9.335 24.544-9.317 33.901.04l22.667 22.667c9.373 9.373 9.373 24.569 0 33.941L240.971 381.476c-9.373 9.372-24.569 9.372-33.942 0z\"><\/path><\/svg><\/span>\n\t\t\t\t\t\t\t\t<span class=\"elementor-accordion-icon-opened\"><svg class=\"e-font-icon-svg e-fas-chevron-up\" viewBox=\"0 0 448 512\" xmlns=\"http:\/\/www.w3.org\/2000\/svg\"><path d=\"M240.971 130.524l194.343 194.343c9.373 9.373 9.373 24.569 0 33.941l-22.667 22.667c-9.357 9.357-24.522 9.375-33.901.04L224 227.495 69.255 381.516c-9.379 9.335-24.544 9.317-33.901-.04l-22.667-22.667c-9.373-9.373-9.373-24.569 0-33.941L207.03 130.525c9.372-9.373 24.568-9.373 33.941-.001z\"><\/path><\/svg><\/span>\n\t\t\t\t\t\t\t\t\t\t\t\t\t\t<\/span>\n\t\t\t\t\t\t\t\t\t\t\t\t<a class=\"elementor-accordion-title\" tabindex=\"0\">BlockerItem \/ Kein Inhalt<\/a>\n\t\t\t\t\t<\/div>\n\t\t\t\t\t<div id=\"elementor-tab-content-1941\" class=\"elementor-tab-content elementor-clearfix\" data-tab=\"1\" role=\"region\" aria-labelledby=\"elementor-tab-title-1941\"><p>Akkordeon-Inhalt<\/p><\/div>\n\t\t\t\t<\/div>\n\t\t\t\t\t\t\t<div class=\"elementor-accordion-item\">\n\t\t\t\t\t<div id=\"elementor-tab-title-1942\" class=\"elementor-tab-title\" data-tab=\"2\" role=\"button\" aria-controls=\"elementor-tab-content-1942\" aria-expanded=\"false\">\n\t\t\t\t\t\t\t\t\t\t\t\t\t<span class=\"elementor-accordion-icon elementor-accordion-icon-right\" aria-hidden=\"true\">\n\t\t\t\t\t\t\t\t\t\t\t\t\t\t\t<span class=\"elementor-accordion-icon-closed\"><svg class=\"e-font-icon-svg e-fas-chevron-down\" viewBox=\"0 0 448 512\" xmlns=\"http:\/\/www.w3.org\/2000\/svg\"><path d=\"M207.029 381.476L12.686 187.132c-9.373-9.373-9.373-24.569 0-33.941l22.667-22.667c9.357-9.357 24.522-9.375 33.901-.04L224 284.505l154.745-154.021c9.379-9.335 24.544-9.317 33.901.04l22.667 22.667c9.373 9.373 9.373 24.569 0 33.941L240.971 381.476c-9.373 9.372-24.569 9.372-33.942 0z\"><\/path><\/svg><\/span>\n\t\t\t\t\t\t\t\t<span class=\"elementor-accordion-icon-opened\"><svg class=\"e-font-icon-svg e-fas-chevron-up\" viewBox=\"0 0 448 512\" xmlns=\"http:\/\/www.w3.org\/2000\/svg\"><path d=\"M240.971 130.524l194.343 194.343c9.373 9.373 9.373 24.569 0 33.941l-22.667 22.667c-9.357 9.357-24.522 9.375-33.901.04L224 227.495 69.255 381.516c-9.379 9.335-24.544 9.317-33.901-.04l-22.667-22.667c-9.373-9.373-9.373-24.569 0-33.941L207.03 130.525c9.372-9.373 24.568-9.373 33.941-.001z\"><\/path><\/svg><\/span>\n\t\t\t\t\t\t\t\t\t\t\t\t\t\t<\/span>\n\t\t\t\t\t\t\t\t\t\t\t\t<a class=\"elementor-accordion-title\" tabindex=\"0\"><b>Combien co\u00fbte la participation aux \u00e9v\u00e9nements ?<\/b><\/a>\n\t\t\t\t\t<\/div>\n\t\t\t\t\t<div id=\"elementor-tab-content-1942\" class=\"elementor-tab-content elementor-clearfix\" data-tab=\"2\" role=\"region\" aria-labelledby=\"elementor-tab-title-1942\"><p>La participation \u00e0 nos \u00e9v\u00e9nements est g\u00e9n\u00e9ralement <strong data-start=\"927\" data-end=\"939\">gratuite<\/strong>. Les d\u00e9tails sp\u00e9cifiques \u00e0 chaque \u00e9v\u00e9nement sont disponibles directement dans la description correspondante.<\/p><\/div>\n\t\t\t\t<\/div>\n\t\t\t\t\t\t\t<div class=\"elementor-accordion-item\">\n\t\t\t\t\t<div id=\"elementor-tab-title-1943\" class=\"elementor-tab-title\" data-tab=\"3\" role=\"button\" aria-controls=\"elementor-tab-content-1943\" aria-expanded=\"false\">\n\t\t\t\t\t\t\t\t\t\t\t\t\t<span class=\"elementor-accordion-icon elementor-accordion-icon-right\" aria-hidden=\"true\">\n\t\t\t\t\t\t\t\t\t\t\t\t\t\t\t<span class=\"elementor-accordion-icon-closed\"><svg class=\"e-font-icon-svg e-fas-chevron-down\" viewBox=\"0 0 448 512\" xmlns=\"http:\/\/www.w3.org\/2000\/svg\"><path d=\"M207.029 381.476L12.686 187.132c-9.373-9.373-9.373-24.569 0-33.941l22.667-22.667c9.357-9.357 24.522-9.375 33.901-.04L224 284.505l154.745-154.021c9.379-9.335 24.544-9.317 33.901.04l22.667 22.667c9.373 9.373 9.373 24.569 0 33.941L240.971 381.476c-9.373 9.372-24.569 9.372-33.942 0z\"><\/path><\/svg><\/span>\n\t\t\t\t\t\t\t\t<span class=\"elementor-accordion-icon-opened\"><svg class=\"e-font-icon-svg e-fas-chevron-up\" viewBox=\"0 0 448 512\" xmlns=\"http:\/\/www.w3.org\/2000\/svg\"><path d=\"M240.971 130.524l194.343 194.343c9.373 9.373 9.373 24.569 0 33.941l-22.667 22.667c-9.357 9.357-24.522 9.375-33.901.04L224 227.495 69.255 381.516c-9.379 9.335-24.544 9.317-33.901-.04l-22.667-22.667c-9.373-9.373-9.373-24.569 0-33.941L207.03 130.525c9.372-9.373 24.568-9.373 33.941-.001z\"><\/path><\/svg><\/span>\n\t\t\t\t\t\t\t\t\t\t\t\t\t\t<\/span>\n\t\t\t\t\t\t\t\t\t\t\t\t<a class=\"elementor-accordion-title\" tabindex=\"0\"><b>Je ne peux pas participer \u00e0 cette date \u2013 y aura-t-il d\u2019autres \u00e9v\u00e9nements ?<\/b><\/a>\n\t\t\t\t\t<\/div>\n\t\t\t\t\t<div id=\"elementor-tab-content-1943\" class=\"elementor-tab-content elementor-clearfix\" data-tab=\"3\" role=\"region\" aria-labelledby=\"elementor-tab-title-1943\"><p>Oui, nous proposons r\u00e9guli\u00e8rement de <strong data-start=\"1170\" data-end=\"1211\">nouvelles dates dans diff\u00e9rents lieux<\/strong>. Consultez r\u00e9guli\u00e8rement notre page \u00ab \u00c9v\u00e9nements \u00bb ou abonnez-vous \u00e0 notre <strong data-start=\"1287\" data-end=\"1301\">newsletter<\/strong> pour rester inform\u00e9.<\/p><\/div>\n\t\t\t\t<\/div>\n\t\t\t\t\t\t\t<div class=\"elementor-accordion-item\">\n\t\t\t\t\t<div id=\"elementor-tab-title-1944\" class=\"elementor-tab-title\" data-tab=\"4\" role=\"button\" aria-controls=\"elementor-tab-content-1944\" aria-expanded=\"false\">\n\t\t\t\t\t\t\t\t\t\t\t\t\t<span class=\"elementor-accordion-icon elementor-accordion-icon-right\" aria-hidden=\"true\">\n\t\t\t\t\t\t\t\t\t\t\t\t\t\t\t<span class=\"elementor-accordion-icon-closed\"><svg class=\"e-font-icon-svg e-fas-chevron-down\" viewBox=\"0 0 448 512\" xmlns=\"http:\/\/www.w3.org\/2000\/svg\"><path d=\"M207.029 381.476L12.686 187.132c-9.373-9.373-9.373-24.569 0-33.941l22.667-22.667c9.357-9.357 24.522-9.375 33.901-.04L224 284.505l154.745-154.021c9.379-9.335 24.544-9.317 33.901.04l22.667 22.667c9.373 9.373 9.373 24.569 0 33.941L240.971 381.476c-9.373 9.372-24.569 9.372-33.942 0z\"><\/path><\/svg><\/span>\n\t\t\t\t\t\t\t\t<span class=\"elementor-accordion-icon-opened\"><svg class=\"e-font-icon-svg e-fas-chevron-up\" viewBox=\"0 0 448 512\" xmlns=\"http:\/\/www.w3.org\/2000\/svg\"><path d=\"M240.971 130.524l194.343 194.343c9.373 9.373 9.373 24.569 0 33.941l-22.667 22.667c-9.357 9.357-24.522 9.375-33.901.04L224 227.495 69.255 381.516c-9.379 9.335-24.544 9.317-33.901-.04l-22.667-22.667c-9.373-9.373-9.373-24.569 0-33.941L207.03 130.525c9.372-9.373 24.568-9.373 33.941-.001z\"><\/path><\/svg><\/span>\n\t\t\t\t\t\t\t\t\t\t\t\t\t\t<\/span>\n\t\t\t\t\t\t\t\t\t\t\t\t<a class=\"elementor-accordion-title\" tabindex=\"0\"><b>Puis-je prendre rendez-vous pour une consultation pendant l\u2019\u00e9v\u00e9nement ?<\/b><\/a>\n\t\t\t\t\t<\/div>\n\t\t\t\t\t<div id=\"elementor-tab-content-1944\" class=\"elementor-tab-content elementor-clearfix\" data-tab=\"4\" role=\"region\" aria-labelledby=\"elementor-tab-title-1944\"><p>Oui, avec plaisir ! Notre \u00e9quipe est disponible sur place et vous aide volontiers \u00e0 <strong data-start=\"1488\" data-end=\"1516\">planifier un rendez-vous<\/strong>.<br data-start=\"1517\" data-end=\"1520\" \/>Vous pouvez \u00e9galement r\u00e9server une consultation ult\u00e9rieurement par t\u00e9l\u00e9phone aupr\u00e8s de notre service patient : <strong data-start=\"1631\" data-end=\"1654\">+49 208 44 47 59 81<\/strong>.<\/p><\/div>\n\t\t\t\t<\/div>\n\t\t\t\t\t\t\t<div class=\"elementor-accordion-item\">\n\t\t\t\t\t<div id=\"elementor-tab-title-1945\" class=\"elementor-tab-title\" data-tab=\"5\" role=\"button\" aria-controls=\"elementor-tab-content-1945\" aria-expanded=\"false\">\n\t\t\t\t\t\t\t\t\t\t\t\t\t<span class=\"elementor-accordion-icon elementor-accordion-icon-right\" aria-hidden=\"true\">\n\t\t\t\t\t\t\t\t\t\t\t\t\t\t\t<span class=\"elementor-accordion-icon-closed\"><svg class=\"e-font-icon-svg e-fas-chevron-down\" viewBox=\"0 0 448 512\" xmlns=\"http:\/\/www.w3.org\/2000\/svg\"><path d=\"M207.029 381.476L12.686 187.132c-9.373-9.373-9.373-24.569 0-33.941l22.667-22.667c9.357-9.357 24.522-9.375 33.901-.04L224 284.505l154.745-154.021c9.379-9.335 24.544-9.317 33.901.04l22.667 22.667c9.373 9.373 9.373 24.569 0 33.941L240.971 381.476c-9.373 9.372-24.569 9.372-33.942 0z\"><\/path><\/svg><\/span>\n\t\t\t\t\t\t\t\t<span class=\"elementor-accordion-icon-opened\"><svg class=\"e-font-icon-svg e-fas-chevron-up\" viewBox=\"0 0 448 512\" xmlns=\"http:\/\/www.w3.org\/2000\/svg\"><path d=\"M240.971 130.524l194.343 194.343c9.373 9.373 9.373 24.569 0 33.941l-22.667 22.667c-9.357 9.357-24.522 9.375-33.901.04L224 227.495 69.255 381.516c-9.379 9.335-24.544 9.317-33.901-.04l-22.667-22.667c-9.373-9.373-9.373-24.569 0-33.941L207.03 130.525c9.372-9.373 24.568-9.373 33.941-.001z\"><\/path><\/svg><\/span>\n\t\t\t\t\t\t\t\t\t\t\t\t\t\t<\/span>\n\t\t\t\t\t\t\t\t\t\t\t\t<a class=\"elementor-accordion-title\" tabindex=\"0\"><b>Comment puis-je m\u2019inscrire ?<\/b><\/a>\n\t\t\t\t\t<\/div>\n\t\t\t\t\t<div id=\"elementor-tab-content-1945\" class=\"elementor-tab-content elementor-clearfix\" data-tab=\"5\" role=\"region\" aria-labelledby=\"elementor-tab-title-1945\"><p>L\u2019inscription se fait tr\u00e8s simplement via le <strong data-start=\"1739\" data-end=\"1759\">formulaire d\u00e9di\u00e9<\/strong> \u00e0 chaque \u00e9v\u00e9nement sur notre site Internet.<br data-start=\"1803\" data-end=\"1806\" \/>Apr\u00e8s votre inscription, vous recevrez <strong data-start=\"1845\" data-end=\"1899\">toutes les informations compl\u00e9mentaires par e-mail<\/strong>.<\/p><\/div>\n\t\t\t\t<\/div>\n\t\t\t\t\t\t\t\t\t\t<script type=\"application\/ld+json\">{\"@context\":\"https:\\\/\\\/schema.org\",\"@type\":\"FAQPage\",\"mainEntity\":[{\"@type\":\"Question\",\"name\":\"BlockerItem \\\/ Kein Inhalt\",\"acceptedAnswer\":{\"@type\":\"Answer\",\"text\":\"<p>Akkordeon-Inhalt<\\\/p>\"}},{\"@type\":\"Question\",\"name\":\"Combien co\\u00fbte la participation aux \\u00e9v\\u00e9nements ?\",\"acceptedAnswer\":{\"@type\":\"Answer\",\"text\":\"<p>La participation \\u00e0 nos \\u00e9v\\u00e9nements est g\\u00e9n\\u00e9ralement <strong data-start=\\\"927\\\" data-end=\\\"939\\\">gratuite<\\\/strong>. Les d\\u00e9tails sp\\u00e9cifiques \\u00e0 chaque \\u00e9v\\u00e9nement sont disponibles directement dans la description correspondante.<\\\/p>\"}},{\"@type\":\"Question\",\"name\":\"Je ne peux pas participer \\u00e0 cette date \\u2013 y aura-t-il d\\u2019autres \\u00e9v\\u00e9nements ?\",\"acceptedAnswer\":{\"@type\":\"Answer\",\"text\":\"<p>Oui, nous proposons r\\u00e9guli\\u00e8rement de <strong data-start=\\\"1170\\\" data-end=\\\"1211\\\">nouvelles dates dans diff\\u00e9rents lieux<\\\/strong>. Consultez r\\u00e9guli\\u00e8rement notre page \\u00ab \\u00c9v\\u00e9nements \\u00bb ou abonnez-vous \\u00e0 notre <strong data-start=\\\"1287\\\" data-end=\\\"1301\\\">newsletter<\\\/strong> pour rester inform\\u00e9.<\\\/p>\"}},{\"@type\":\"Question\",\"name\":\"Puis-je prendre rendez-vous pour une consultation pendant l\\u2019\\u00e9v\\u00e9nement ?\",\"acceptedAnswer\":{\"@type\":\"Answer\",\"text\":\"<p>Oui, avec plaisir ! Notre \\u00e9quipe est disponible sur place et vous aide volontiers \\u00e0 <strong data-start=\\\"1488\\\" data-end=\\\"1516\\\">planifier un rendez-vous<\\\/strong>.<br data-start=\\\"1517\\\" data-end=\\\"1520\\\" \\\/>Vous pouvez \\u00e9galement r\\u00e9server une consultation ult\\u00e9rieurement par t\\u00e9l\\u00e9phone aupr\\u00e8s de notre service patient : <strong data-start=\\\"1631\\\" data-end=\\\"1654\\\">+49 208 44 47 59 81<\\\/strong>.<\\\/p>\"}},{\"@type\":\"Question\",\"name\":\"Comment puis-je m\\u2019inscrire ?\",\"acceptedAnswer\":{\"@type\":\"Answer\",\"text\":\"<p>L\\u2019inscription se fait tr\\u00e8s simplement via le <strong data-start=\\\"1739\\\" data-end=\\\"1759\\\">formulaire d\\u00e9di\\u00e9<\\\/strong> \\u00e0 chaque \\u00e9v\\u00e9nement sur notre site Internet.<br data-start=\\\"1803\\\" data-end=\\\"1806\\\" \\\/>Apr\\u00e8s votre inscription, vous recevrez <strong data-start=\\\"1845\\\" data-end=\\\"1899\\\">toutes les informations compl\\u00e9mentaires par e-mail<\\\/strong>.<\\\/p>\"}}]}<\/script>\n\t\t\t\t\t<\/div>\n\t\t\t\t\t\t<\/div>\n\t\t\t\t<\/div>\n\t\t\t\t<\/div>\n\t\t\t\t<\/section>\n\t\t\t\t<\/div>\n\t\t","protected":false},"excerpt":{"rendered":"<p>LipoClinic: Informations, \u00e9changes et rencontres Nos \u00e9v\u00e9nements vous permettent de d\u00e9couvrir la LipoClinic Dr. Heck. Que ce soit les LipoTalks, les journ\u00e9es portes ouvertes ou les s\u00e9ances d&#8217;information, venez d\u00e9couvrir des informations int\u00e9ressantes sur le lip\u0153d\u00e8me, les possibilit\u00e9s de traitement modernes et faire connaissance avec notre \u00e9quipe. Profitez de cette occasion pour \u00e9changer, poser vos [&hellip;]<\/p>\n","protected":false},"author":1,"featured_media":18410,"parent":0,"menu_order":0,"comment_status":"closed","ping_status":"closed","template":"","meta":{"_acf_changed":false,"inline_featured_image":false,"footnotes":""},"class_list":["post-4626","page","type-page","status-publish","has-post-thumbnail","hentry"],"acf":[],"_links":{"self":[{"href":"https:\/\/www.lipo.clinic\/fr\/wp-json\/wp\/v2\/pages\/4626","targetHints":{"allow":["GET"]}}],"collection":[{"href":"https:\/\/www.lipo.clinic\/fr\/wp-json\/wp\/v2\/pages"}],"about":[{"href":"https:\/\/www.lipo.clinic\/fr\/wp-json\/wp\/v2\/types\/page"}],"author":[{"embeddable":true,"href":"https:\/\/www.lipo.clinic\/fr\/wp-json\/wp\/v2\/users\/1"}],"replies":[{"embeddable":true,"href":"https:\/\/www.lipo.clinic\/fr\/wp-json\/wp\/v2\/comments?post=4626"}],"version-history":[{"count":12,"href":"https:\/\/www.lipo.clinic\/fr\/wp-json\/wp\/v2\/pages\/4626\/revisions"}],"predecessor-version":[{"id":19392,"href":"https:\/\/www.lipo.clinic\/fr\/wp-json\/wp\/v2\/pages\/4626\/revisions\/19392"}],"wp:featuredmedia":[{"embeddable":true,"href":"https:\/\/www.lipo.clinic\/fr\/wp-json\/wp\/v2\/media\/18410"}],"wp:attachment":[{"href":"https:\/\/www.lipo.clinic\/fr\/wp-json\/wp\/v2\/media?parent=4626"}],"curies":[{"name":"wp","href":"https:\/\/api.w.org\/{rel}","templated":true}]}}